{"id":6285,"date":"2015-10-12T06:19:38","date_gmt":"2015-10-12T04:19:38","guid":{"rendered":"https:\/\/transparency.vdevs.eu\/about-us\/who-we-are\/membership\/volunteers\/"},"modified":"2025-10-14T10:30:46","modified_gmt":"2025-10-14T08:30:46","slug":"volunteers","status":"publish","type":"page","link":"https:\/\/transparency.vdevs.eu\/en\/about-us-details\/volunteers-ti-croatia-2016-2019-136\/","title":{"rendered":"Volunteers TI Croatia 2016\/2019"},"content":{"rendered":"\r\n<p><strong>Volunteers-mentors (in alphabetical order)<\/strong><\/p>\r\n\r\n<ul class=\"wp-block-list\">\r\n<li><strong>Ba\u0161i\u0107 <\/strong>Florijan<\/li>\r\n\r\n\r\n\r\n<li><strong>Hajtok<\/strong> Ivana<\/li>\r\n\r\n\r\n\r\n<li><strong>Ker\u010devi\u0107<\/strong> Sr\u0111an<\/li>\r\n\r\n\r\n\r\n<li><strong>Krmpoti\u0107<\/strong> Magdalena<\/li>\r\n\r\n\r\n\r\n<li><strong>Ma\u0161i\u0107<\/strong> Yvonne<\/li>\r\n\r\n\r\n\r\n<li><strong>Moha\u010d<\/strong> Marko<\/li>\r\n\r\n\r\n\r\n<li><strong>Para\u0107<\/strong> Marija<\/li>\r\n\r\n\r\n\r\n<li><strong>Polenus<\/strong> Marijana<\/li>\r\n\r\n\r\n\r\n<li><strong>Renge<\/strong>l Anita<\/li>\r\n\r\n\r\n\r\n<li><strong>Rukavina<\/strong> Bruno<\/li>\r\n\r\n\r\n\r\n<li><strong>Borna<\/strong> Zrin\u0161\u010dak<\/li>\r\n<\/ul>\r\n\r\n<p><strong>Volunteers (in alphabetical order)<\/strong><\/p>\r\n\r\n<ul class=\"wp-block-list\">\r\n<li><strong>\u0106ori\u0107<\/strong> Matea<\/li>\r\n\r\n\r\n\r\n<li><strong>Frank<\/strong> Maja<\/li>\r\n\r\n\r\n\r\n<li><strong>Jelovac<\/strong> Aleksandar<\/li>\r\n\r\n\r\n\r\n<li><strong>Jurak<\/strong> Nikola<\/li>\r\n\r\n\r\n\r\n<li><strong>Ke\u0161ina<\/strong> Matej<\/li>\r\n\r\n\r\n\r\n<li><strong>Kuljanac<\/strong> \u017daklina<\/li>\r\n\r\n\r\n\r\n<li><strong>Krsta\u0161<\/strong> Nikica<\/li>\r\n\r\n\r\n\r\n<li><strong>Milakovi\u0107<\/strong> Elena<\/li>\r\n\r\n\r\n\r\n<li><strong>Neki\u0107-\u0106osi\u0107<\/strong> Ana<\/li>\r\n\r\n\r\n\r\n<li><strong>Novak<\/strong> Nikola<\/li>\r\n\r\n\r\n\r\n<li><strong>Novak<\/strong> Tina<\/li>\r\n\r\n\r\n\r\n<li><strong>Ro\u0161kari\u0107<\/strong> Silvija<\/li>\r\n<\/ul>\r\n\r\n<p>Students of the Legal Clinic 10 hours of volunteering 1\/2016 (January 14-January 31, 2016)<\/p>\r\n\r\n<ul class=\"wp-block-list\">\r\n<li><strong>Bla\u017eanovi\u0107 <\/strong> Antun<\/li>\r\n\r\n\r\n\r\n<li><strong>Boto Pr\u0161a <\/strong>Sonja<\/li>\r\n\r\n\r\n\r\n<li><strong>Crn\u010devi\u0107<\/strong> Anamarija<\/li>\r\n\r\n\r\n\r\n<li><strong>\u010cavlovi\u0107 <\/strong>Dijana<\/li>\r\n\r\n\r\n\r\n<li><strong>\u010cu<\/strong>lo Dino<\/li>\r\n\r\n\r\n\r\n<li><strong>Duka<\/strong> Sara<\/li>\r\n\r\n\r\n\r\n<li><strong>Kne\u017eevi\u0107<\/strong> Toni<\/li>\r\n\r\n\r\n\r\n<li><strong>Laban-Sobol<\/strong> Petra<\/li>\r\n\r\n\r\n\r\n<li><strong>Laban-Sobo<\/strong>l Stefan<\/li>\r\n\r\n\r\n\r\n<li><strong>Mileti<\/strong>\u0107 Dina<\/li>\r\n<\/ul>\r\n\r\n<p><strong><a href=\"mailto:volonter@transparency.hr\">TIH volunteers<\/a><\/strong> (students) in alphabetical order for ac. year 2014\/15:<\/p>\r\n\r\n<ul class=\"wp-block-list\">\r\n<li>Florijan<strong> Ba\u0161i\u0107<\/strong> (III year) <\/li>\r\n\r\n\r\n\r\n<li>Ivan <strong>Bedenikovi\u0107<\/strong> (II year)<\/li>\r\n\r\n\r\n\r\n<li>Ivana <strong>Hajtok<\/strong> (V year)<\/li>\r\n\r\n\r\n\r\n<li>Sr\u0111an <strong>Ker\u010devi\u0107<\/strong> (V year)<\/li>\r\n\r\n\r\n\r\n<li>Jan <strong>Kola\u010dek<\/strong> (V year)<\/li>\r\n\r\n\r\n\r\n<li>Magdalena <strong>Krmpoti\u0107<\/strong> (IV year)<\/li>\r\n\r\n\r\n\r\n<li>Valentina <strong>Malogorsk<\/strong>i (V year)<\/li>\r\n\r\n\r\n\r\n<li>Karmela <strong>Ma\u0161i\u0107<\/strong> (V year)<\/li>\r\n\r\n\r\n\r\n<li>Yvonne <strong>Ma\u0161i\u0107<\/strong> (IV year)<\/li>\r\n\r\n\r\n\r\n<li>Hannan <strong>Nani\u0107<\/strong> (II year)<\/li>\r\n\r\n\r\n\r\n<li>Marija <strong>Para\u0107<\/strong> (II year)<\/li>\r\n\r\n\r\n\r\n<li>Mia <strong>Perkovi\u0107 <\/strong>(IV year)<\/li>\r\n\r\n\r\n\r\n<li>Marijana<strong> Polenus<\/strong> (II year)<\/li>\r\n\r\n\r\n\r\n<li>Lana <strong>Popara <\/strong>(V year)<\/li>\r\n\r\n\r\n\r\n<li>Tanja <strong>Ratkovi\u0107<\/strong> (III year)<\/li>\r\n\r\n\r\n\r\n<li>Anita <strong>Rengel<\/strong> (V year)<\/li>\r\n\r\n\r\n\r\n<li>Sara <strong>Rudec<\/strong> (V year)<\/li>\r\n\r\n\r\n\r\n<li>Bruno <strong>Rukavina<\/strong> (III year)<\/li>\r\n\r\n\r\n\r\n<li>Borna <strong>Zrin\u0161\u010dak<\/strong> (IV year)<\/li>\r\n<\/ul>\r\n","protected":false},"excerpt":{"rendered":"<p>Volunteers-mentors (in alphabetical order) Volunteers (in alphabetical order) Students of the Legal Clinic 10 hours of volunteering 1\/2016 (January 14-January 31, 2016) TIH volunteers (students) in alphabetical order for ac. year 2014\/15:<\/p>\n","protected":false},"author":1,"featured_media":0,"parent":6283,"menu_order":0,"comment_status":"closed","ping_status":"closed","template":"template-about.php","meta":{"_acf_changed":false,"inline_featured_image":false,"footnotes":""},"class_list":["post-6285","page","type-page","status-publish","hentry"],"acf":[],"_links":{"self":[{"href":"https:\/\/transparency.vdevs.eu\/en\/wp-json\/wp\/v2\/pages\/6285","targetHints":{"allow":["GET"]}}],"collection":[{"href":"https:\/\/transparency.vdevs.eu\/en\/wp-json\/wp\/v2\/pages"}],"about":[{"href":"https:\/\/transparency.vdevs.eu\/en\/wp-json\/wp\/v2\/types\/page"}],"author":[{"embeddable":true,"href":"https:\/\/transparency.vdevs.eu\/en\/wp-json\/wp\/v2\/users\/1"}],"replies":[{"embeddable":true,"href":"https:\/\/transparency.vdevs.eu\/en\/wp-json\/wp\/v2\/comments?post=6285"}],"version-history":[{"count":2,"href":"https:\/\/transparency.vdevs.eu\/en\/wp-json\/wp\/v2\/pages\/6285\/revisions"}],"predecessor-version":[{"id":12242,"href":"https:\/\/transparency.vdevs.eu\/en\/wp-json\/wp\/v2\/pages\/6285\/revisions\/12242"}],"up":[{"embeddable":true,"href":"https:\/\/transparency.vdevs.eu\/en\/wp-json\/wp\/v2\/pages\/6283"}],"wp:attachment":[{"href":"https:\/\/transparency.vdevs.eu\/en\/wp-json\/wp\/v2\/media?parent=6285"}],"curies":[{"name":"wp","href":"https:\/\/api.w.org\/{rel}","templated":true}]}}