{"id":12274,"date":"2025-10-16T09:34:33","date_gmt":"2025-10-16T07:34:33","guid":{"rendered":"https:\/\/transparency.vdevs.eu\/?page_id=12274"},"modified":"2025-12-02T08:50:04","modified_gmt":"2025-12-02T07:50:04","slug":"prijavi-korupciju","status":"publish","type":"page","link":"https:\/\/transparency.vdevs.eu\/hr\/prijavi-korupciju\/","title":{"rendered":"Prijavi korupciju"},"content":{"rendered":"<p>Kontaktni podatci prikupljeni preko ovog obrasca ne\u0107e biti javno objavljeni niti \u0107e se koristiti za bilo \u0161to drugo, osim za slanje odgovora na Va\u0161 upit!<\/p>\n","protected":false},"excerpt":{"rendered":"<p>Kontaktni podatci prikupljeni preko ovog obrasca ne\u0107e biti javno objavljeni niti \u0107e se koristiti za bilo \u0161to drugo, osim za slanje odgovora na Va\u0161 upit!<\/p>\n","protected":false},"author":1,"featured_media":0,"parent":0,"menu_order":0,"comment_status":"closed","ping_status":"closed","template":"template-prijavi-korupciju.php","meta":{"_acf_changed":false,"inline_featured_image":false,"footnotes":""},"class_list":["post-12274","page","type-page","status-publish","hentry"],"acf":[],"_links":{"self":[{"href":"https:\/\/transparency.vdevs.eu\/hr\/wp-json\/wp\/v2\/pages\/12274","targetHints":{"allow":["GET"]}}],"collection":[{"href":"https:\/\/transparency.vdevs.eu\/hr\/wp-json\/wp\/v2\/pages"}],"about":[{"href":"https:\/\/transparency.vdevs.eu\/hr\/wp-json\/wp\/v2\/types\/page"}],"author":[{"embeddable":true,"href":"https:\/\/transparency.vdevs.eu\/hr\/wp-json\/wp\/v2\/users\/1"}],"replies":[{"embeddable":true,"href":"https:\/\/transparency.vdevs.eu\/hr\/wp-json\/wp\/v2\/comments?post=12274"}],"version-history":[{"count":2,"href":"https:\/\/transparency.vdevs.eu\/hr\/wp-json\/wp\/v2\/pages\/12274\/revisions"}],"predecessor-version":[{"id":12293,"href":"https:\/\/transparency.vdevs.eu\/hr\/wp-json\/wp\/v2\/pages\/12274\/revisions\/12293"}],"wp:attachment":[{"href":"https:\/\/transparency.vdevs.eu\/hr\/wp-json\/wp\/v2\/media?parent=12274"}],"curies":[{"name":"wp","href":"https:\/\/api.w.org\/{rel}","templated":true}]}}