{"id":12286,"date":"2025-12-02T08:18:00","date_gmt":"2025-12-02T07:18:00","guid":{"rendered":"https:\/\/transparency.vdevs.eu\/?page_id=12286"},"modified":"2025-12-02T08:18:44","modified_gmt":"2025-12-02T07:18:44","slug":"pravila-o-privatnosti","status":"publish","type":"page","link":"https:\/\/transparency.vdevs.eu\/hr\/pravila-privatnosti\/","title":{"rendered":"Pravila o privatnosti"},"content":{"rendered":"<p><strong>Na\u0161e obaveze<\/strong><\/p>\n<p>Transparency International Hrvatska (TIH) pridodaje veliki zna\u010daj Va\u0161oj privatnosti. Transparency International Hrvatska (TIH) je u potpunosti implementirala regulaciju General Data Protection Regulation (GDPR), zakona Europske Unije. Molimo Vas pro\u010ditajte pravila o privatnosti kako bi saznali kako sakupljamo, obra\u0111ujemo i spremamo informacije koje ste nam ustupili koriste\u0107i web stranicuformu \u201ekontaktirajte nas\u201c. Prikupljamo razli\u010dite tipove informacija, uklju\u010duju\u0107i informacije koje Vas identificiraju kao pojedinca (osobne informacije). Detaljnije obja\u0161njenje je u nastavku.<\/p>\n<p><strong>Kakve informacije prikuplja Transparency International Hrvatska (TIH)?\u00a0<\/strong>Kada koristite na\u0161u internet stranicu, mo\u017eemo prikupiti podatke koje ste odlu\u010dili podijeliti s nama. Naprimjer, u formi \u201eKontaktiraj nas\u201c podijelili ste s nama podatke. Tako\u0111er mo\u017eemo prikupiti informacije vezano za Va\u0161 pristupni ure\u0111aj te IP adresu putem koje ste pristupili internet stranici. Za vi\u0161e informacija o tom dijelu, molimo Vas pogledajte dolje nazna\u010denu sekciju \u201eKola\u010di\u0107i i ostale tracking tehnologije\u201c.<\/p>\n<p>Kada koristite gore navedene formulare, prikupljamo podatke direktno od Vas, poput Va\u0161eg imena, email adrese, ku\u0107ne adrese i broja telefona u svrhu kako bismo Vam pru\u017eili tra\u017eenu uslugu.<\/p>\n<p><strong>Kako koristimo informacije?<\/strong><\/p>\n<p>Kada podijelite s nama Va\u0161e podatke, mo\u017eemo iskoristiti dobivene informacije kako bismo pravovremeno odgovorili na Va\u0161 upit, npr, kod odre\u0111enih proizvoda i usluga ili \u201ekontaktiraj nas\u201c formulara. Tako\u0111er koristimo podatke pri administriranju i pobolj\u0161avanju internet stranice, te kod analize internet stranice u svrhu pra\u0107enja marketinga, odnosno popularnosti pojedinih dijelova na internet stranici.<\/p>\n<p>Kada koristite na\u0161e usluge, mo\u017eemo koristiti Va\u0161e podatke:<\/p>\n<p>Kako bi uspostavili tra\u017eenu komunikaciju u svrhu Va\u0161eg tra\u017eenog upita za odre\u0111eni proizvod. Naprimjer kada po\u0161aljete upit putem kontakt forme, Transparency International Hrvatska (TIH) prikuplja dobivene osobne podatke za nastavak komunikacije u svrhu komercijalne suradnje.<\/p>\n<p>Kako bi vas kontaktirali i odgovorili na Va\u0161 upis u formularu \u201ekontaktirajte nas\u201c<\/p>\n<p>Kada korisnik posjeti na\u0161u web stranicu, te klikne na odre\u0111enu stranicu, prikupljaju se anonimne informacije oko posje\u0107enosti odre\u0111enih podstranica u sklopu na\u0161e web stranice (Google Analytics alati).<\/p>\n<p><strong>Suradnja s tre\u0107om stranom<\/strong><\/p>\n<p>Ne iznajmljujemo ili prodajemo Va\u0161e osobne podatke tre\u0107oj strani. Ne dijelimo s nikakvom tre\u0107om stranom bilo kakve osobne podatke na\u0161ih korisnika.<\/p>\n<p>Na\u0161i zaposlenici nemaju pravo koristiti osobne podatke koje su prikupljene u svrhu suradnje korisnika i Transparency International Hrvatska (TIH).<\/p>\n<p>Iako je malo vjerojatno, u slu\u010daju da dobijemo sudski nalog nadle\u017enog zakonodavnog tijela, Transparency International Hrvatska (TIH) \u0107e biti du\u017ena istima dostaviti tra\u017eene podatke. Transparency International Hrvatska (TIH) \u0107e poduzeti mjere predostro\u017enosti kako bi se uvjerili da ovla\u0161tena tijela koja podnose zahtjev zaista imaju legitimne razloge za tra\u017eene podatke.<\/p>\n<p><strong>Sigurnost i privatnost<\/strong><\/p>\n<p>Transparency International Hrvatska (TIH) \u010duva osobne podatke od neovla\u0161tenog raspolaganja i pristupa. Transparency International Hrvatska (TIH) koristi organizacijske, tehni\u010dke, i fizi\u010dke sigurnosne mjere kako bi prikupljeni osobni podaci bili za\u0161ti\u0107eni.<\/p>\n<p><strong>Kola\u010di\u0107i i ostale tracking tehnologije<\/strong><\/p>\n<p>Informacije od ovih kola\u010di\u0107a poma\u017eu nam da shvatimo kako na\u0161i korisnici upotrebljavaju web stranicu, sa svrhom unaprije\u0111enja kvalitete sadr\u017eaja prema korisnicima i do\u017eivljaja pregledavanja. Opcionalni kola\u010di\u0107i uklju\u010duju kola\u010di\u0107e Google Analytics (\u010diji kola\u010di\u0107i prate posje\u0107enost i analiziraju uspje\u0161nost web stranice, a koje su Transparency International Hrvatska (TIH) dostupne kao statisti\u010dki podaci, bez osobnih podataka individualnih korisnika) te kola\u010di\u0107e dru\u0161tvenih mre\u017ea (npr. Facebook) koji omogu\u0107uju korisniku da odre\u0111eni sadr\u017eaj podijeli putem vlastitog ra\u010duna na dru\u0161tvenim mre\u017eama.<\/p>\n<p>Kada prvi put pristupite web stranici, pojavit \u0107e se natpis koji upozorava na postojanje kola\u010di\u0107a i zatra\u017eiti Va\u0161u suglasnost za njihovo prihva\u0107anje.<\/p>\n<p>Nastavkom pregledavanja web stranice, prihva\u0107ate kori\u0161tenje kola\u010di\u0107a.<\/p>\n<p>Korisnik web stranice putem postavki svojeg web preglednika uvijek mo\u017ee samostalno regulirati (ograni\u010diti ili onemogu\u0107iti) primanje kola\u010di\u0107a. Napominjemo da onemogu\u0107avanje kola\u010di\u0107a mo\u017ee utjecati na funkcionalnost i Va\u0161u interakciju s web stranicom, te isklju\u010dujemo svaku odgovornost za bilo kakav gubitak funkcionalnosti i\/ili kvalitete sadr\u017eaja web stranice u svim slu\u010dajevima odabira regulacije primanja kola\u010di\u0107a od strane korisnika.<\/p>\n<p>Dodatne informacije o konfiguriranju postavki preglednika za kola\u010di\u0107e mo\u017eete prona\u0107i na sljede\u0107im linkovima:<\/p>\n<ul>\n<li><a href=\"https:\/\/support.mozilla.org\/hr\/kb\/Privatno%20pretra%C5%BEivanje\" target=\"_blank\" rel=\"noopener\">ovdje\u00a0<\/a>saznajte vi\u0161e o na\u010dinu privatnog pregledavanja i postavkama kola\u010di\u0107a u<\/li>\n<\/ul>\n<p>Firefoxu<\/p>\n<ul>\n<li><a href=\"https:\/\/support.google.com\/chrome\/answer\/95647?co=GENIE.Platform%3DDesktop&amp;hl=hr\" target=\"_blank\" rel=\"noopener\">ovdje\u00a0<\/a>za \u010ditanje o na\u010dinu anonimnog na\u010dina i postavkama kola\u010di\u0107a u pregledniku<\/li>\n<\/ul>\n<p>Google Chrome<\/p>\n<ul>\n<li><a href=\"https:\/\/support.microsoft.com\/hr-hr\/help\/17479\/windows-internet-explorer-11-change-security-privacy-settings\" target=\"_blank\" rel=\"noopener\">ovdje\u00a0<\/a>pro\u010ditajte na\u010din rada &#8220;InPrivate&#8221; i postavke kola\u010di\u0107a u pregledniku Internet<\/li>\n<\/ul>\n<p>Explorer<\/p>\n<ul>\n<li><a href=\"https:\/\/support.apple.com\/kb\/PH21411?viewlocale=hr_HR&amp;locale=en_US\" target=\"_blank\" rel=\"noopener\">ovdje\u00a0<\/a>za vi\u0161e informacija o modusu &#8220;Privatna navigacija&#8221; i postavkama kola\u010di\u0107a u pregledniku Safari<\/li>\n<\/ul>\n<p>Kori\u0161tenjem ovih web stranica smatrat \u0107e se da su korisnici u svakom trenutku upoznati i suglasni s uvjetima kori\u0161tenja, uklju\u010duju\u0107i odredbe o obradi i za\u0161titi osobnih podataka i mogu\u0107nostima u vezi s kola\u010di\u0107ima.<\/p>\n<p><strong>Koje su moje opcije?<\/strong><\/p>\n<p>Mo\u017eete odlu\u010diti ne podijeliti s nama tra\u017eene podatke. Imajte na umu da odre\u0111eni podaci su potrebni kako bi mogli dobiti povratnu informaciju oko tra\u017eenih proizvoda ili usluga kao i odgovor na Va\u0161 unos putem forme \u201ekontaktirajte nas\u201c.<\/p>\n<p><strong>Pristup i a\u017euriranje Va\u0161ih osobnih podataka<\/strong><\/p>\n<p>Kako bi pregledali ili a\u017eurirali va\u0161e osobne podatke, kako bi se uvjerili da su to\u010dni, kontaktirajte ured@transparency.hr. Transparency International Hrvatska (TIH) \u0107e u\u010diniti sve kako bi Vam u roku od 30 od Va\u0161eg zahtjeva za pristupom dana pru\u017eio uvid u va\u0161e tra\u017eene podatke, te po potrebi a\u017eurirao, promijenio ili obrisao u potpunosti Va\u0161e podatke. Ukoliko zbog odre\u0111enog razloga nismo u mogu\u0107nosti ispo\u0161tovati Va\u0161 zahtjev u roku 30 dana, biti \u0107ete obavije\u0161teni kada \u0107e Vam podaci biti omogu\u0107eni na uvid. Iako je malo vjerojatno, ukoliko nismo u mogu\u0107nosti podijeliti s Vama Va\u0161e tra\u017eene podatke, biti \u0107ete obavije\u0161teni zbog kojeg konkretnog razloga nismo u mogu\u0107nosti izvr\u0161iti tra\u017eeni uvid.<\/p>\n<p><strong>Pitanja vezana za ovu obavijest pravilima privatnosti<\/strong><\/p>\n<p>Ukoliko imate dodatna pitanja, ili eventualnu zamjerku vezano oko za\u0161tite Va\u0161ih osobnih podataka, kontaktirajte nas na ured@transparency.hr Svaki upit ili zamjerka vezan za privatnost biti \u0107e evidentiran i istra\u017een, te \u0107e se osigurati rezultati istrage. Ukoliko se utvrdi da je zamjerka opravdana, poduzeti \u0107e se sve odgovaraju\u0107e mjere.<\/p>\n","protected":false},"excerpt":{"rendered":"<p>Na\u0161e obaveze Transparency International Hrvatska (TIH) pridodaje veliki zna\u010daj Va\u0161oj privatnosti. Transparency International Hrvatska (TIH) je u potpunosti implementirala regulaciju General Data Protection Regulation (GDPR), zakona Europske Unije. Molimo Vas pro\u010ditajte pravila o privatnosti kako bi saznali kako sakupljamo, obra\u0111ujemo i spremamo informacije koje ste nam ustupili koriste\u0107i web stranicuformu \u201ekontaktirajte nas\u201c. Prikupljamo razli\u010dite tipove [&hellip;]<\/p>\n","protected":false},"author":1,"featured_media":0,"parent":0,"menu_order":0,"comment_status":"closed","ping_status":"closed","template":"template-about.php","meta":{"_acf_changed":false,"inline_featured_image":false,"footnotes":""},"class_list":["post-12286","page","type-page","status-publish","hentry"],"acf":[],"_links":{"self":[{"href":"https:\/\/transparency.vdevs.eu\/hr\/wp-json\/wp\/v2\/pages\/12286","targetHints":{"allow":["GET"]}}],"collection":[{"href":"https:\/\/transparency.vdevs.eu\/hr\/wp-json\/wp\/v2\/pages"}],"about":[{"href":"https:\/\/transparency.vdevs.eu\/hr\/wp-json\/wp\/v2\/types\/page"}],"author":[{"embeddable":true,"href":"https:\/\/transparency.vdevs.eu\/hr\/wp-json\/wp\/v2\/users\/1"}],"replies":[{"embeddable":true,"href":"https:\/\/transparency.vdevs.eu\/hr\/wp-json\/wp\/v2\/comments?post=12286"}],"version-history":[{"count":2,"href":"https:\/\/transparency.vdevs.eu\/hr\/wp-json\/wp\/v2\/pages\/12286\/revisions"}],"predecessor-version":[{"id":12288,"href":"https:\/\/transparency.vdevs.eu\/hr\/wp-json\/wp\/v2\/pages\/12286\/revisions\/12288"}],"wp:attachment":[{"href":"https:\/\/transparency.vdevs.eu\/hr\/wp-json\/wp\/v2\/media?parent=12286"}],"curies":[{"name":"wp","href":"https:\/\/api.w.org\/{rel}","templated":true}]}}