{"id":3108,"date":"2013-10-28T12:27:27","date_gmt":"2013-10-28T11:27:27","guid":{"rendered":"http:\/\/localhost:10245\/?page_id=3108"},"modified":"2025-10-14T09:24:02","modified_gmt":"2025-10-14T07:24:02","slug":"tko-smo","status":"publish","type":"page","link":"https:\/\/transparency.vdevs.eu\/hr\/o-nama-detalji\/tko-smo-1\/","title":{"rendered":"Tko smo"},"content":{"rendered":"\r\n<p><strong>Korupcija je jedan od najve\u0107ih problema vremena u kojem \u017eivimo i modernog dru\u0161tva op\u0107enito.\u00a0<\/strong>Suzbijanje korupcije mogu\u0107e je samo uz u\u010de\u0161\u0107e demokratskih institucija, privatnog poslovnog sektora i civilnog dru\u0161tva.<\/p>\r\n\r\n\r\n\r\n<p><strong>Transparency International Hrvatska\u00a0<\/strong>(dalje TIH) je nevladina organizacija posve\u0107ena pove\u0107avanju\u00a0odgovornosti i suzbijanju nacionalne korupcije. To je neprofitna i politi\u010dki nestrana\u010dka udruga \u010dije je djelovanje usmjereno na suzbijanje korupcije i njenih posljedica.\u00a0TlH ne razotkriva i ne istra\u017euje pojedina\u010dne slu\u010dajeve korupcije. Mi vjerujemo da je to du\u017enost zakonodavnih izvr\u0161nih tijela, nezavisnog sudstva i slobodnog tiska. Ustvari, na\u0161e usmjerenje je na prevenciju i promjenu sistema. Nije dovoljno izdavati zakone da bi ljudi postali po\u0161teni.<\/p>\r\n\r\n\r\n\r\n<p><strong>Korupcija je izazov svima. Nema zemlje u kojoj ne postoji, ne smije biti zemlje koja se ne bori protiv nje. Ne smije biti vlade koja joj popu\u0161ta!<\/strong><\/p>\r\n\r\n\r\n\r\n<p><strong>Transparency International Hrvatska (dalje TIH)\u00a0<\/strong>je bio jedan od \u00a0svjetskih ogranaka koji \u00a0TI\u00a0djeluje\u00a0u Republici Hrvatskoj. TIH se bori za pove\u0107avanje transparentnosti rada institucija\u00a0i za sprije\u010davanje zlouporaba\u00a0javnih ovlasti u privatne svrhe.\u00a0Smatramo da ta borba mo\u017ee biti uspje\u0161na jedino ukoliko postupamo kao nezavisna, nestrana\u010dka i neprofitna organizacija, bez obzira na interese i stavove koje imamo kao pojedinci.\u00a0<\/p>\r\n\r\n\r\n\r\n<p><strong>Osnovni cilj Transparency Internationala Hrvatska je borba protiv korupcije u svim njenim pojavnim oblicima.<\/strong>\u00a0Program TIH-a je usko vezan uz Vladine strate\u0161ke ciljeve (Nacionalne strategije borbe protiv korupcije, MUP-ov Ured za sprje\u010davanje pranja novca, Institut za javne financije &#8211; projekt siva ekonomija, Reforma javne uprave&#8230;), te se tako\u0111er nadopunjuje s obvezama Republike Hrvatske koje proizlaze iz Pakta o stabilnosti i Ugovorima s Europskom unijom.<\/p>\r\n\r\n\r\n\r\n<p>Transparency International Hrvatska zala\u017ee se za ove vrijednosti:<\/p>\r\n\r\n\r\n\r\n<p><strong>\u2022\u00a0transparentnost<br \/>\u2022\u00a0odgovornost<br \/>\u2022\u00a0po\u0161tenje<br \/>\u2022\u00a0solidarnost<br \/>\u2022\u00a0hrabrost<br \/>\u2022\u00a0pravednost<br \/>\u2022\u00a0demokrati\u010dnost<\/strong><\/p>\r\n\r\n\r\n\r\n<p><strong>Netransparentnim postupkom njema\u010dke udruge Transparency International iz Berlina\u00a0hrvatska\u00a0udruga Transparency International Hrvatska nije \u010dlan globalne mre\u017ee TI. O tome smo obavje\u0161teni e-mail porukom 11.3.2016.<\/strong><\/p>\r\n\r\n\r\n\r\n<p><strong>Takav\u00a0postupak smatramo neprihvatljivom, jer je proveden netransparentno\u00a0na temelju kleveta tajnih informanata iz Hrvatske, te neodgovornih pojedinaca zaposlenih u u sredi\u0161njici njema\u010dke udruge\u00a0u Berlinu.\u00a0<\/strong><\/p>\r\n","protected":false},"excerpt":{"rendered":"<p>Korupcija je jedan od najve\u0107ih problema vremena u kojem \u017eivimo i modernog dru\u0161tva op\u0107enito.\u00a0Suzbijanje korupcije mogu\u0107e je samo uz u\u010de\u0161\u0107e demokratskih institucija, privatnog poslovnog sektora i civilnog dru\u0161tva. Transparency International Hrvatska\u00a0(dalje TIH) je nevladina organizacija posve\u0107ena pove\u0107avanju\u00a0odgovornosti i suzbijanju nacionalne korupcije. To je neprofitna i politi\u010dki nestrana\u010dka udruga \u010dije je djelovanje usmjereno na suzbijanje korupcije [&hellip;]<\/p>\n","protected":false},"author":1,"featured_media":0,"parent":0,"menu_order":0,"comment_status":"closed","ping_status":"closed","template":"template-about.php","meta":{"_acf_changed":false,"inline_featured_image":false,"footnotes":""},"class_list":["post-3108","page","type-page","status-publish","hentry"],"acf":[],"_links":{"self":[{"href":"https:\/\/transparency.vdevs.eu\/hr\/wp-json\/wp\/v2\/pages\/3108","targetHints":{"allow":["GET"]}}],"collection":[{"href":"https:\/\/transparency.vdevs.eu\/hr\/wp-json\/wp\/v2\/pages"}],"about":[{"href":"https:\/\/transparency.vdevs.eu\/hr\/wp-json\/wp\/v2\/types\/page"}],"author":[{"embeddable":true,"href":"https:\/\/transparency.vdevs.eu\/hr\/wp-json\/wp\/v2\/users\/1"}],"replies":[{"embeddable":true,"href":"https:\/\/transparency.vdevs.eu\/hr\/wp-json\/wp\/v2\/comments?post=3108"}],"version-history":[{"count":3,"href":"https:\/\/transparency.vdevs.eu\/hr\/wp-json\/wp\/v2\/pages\/3108\/revisions"}],"predecessor-version":[{"id":12214,"href":"https:\/\/transparency.vdevs.eu\/hr\/wp-json\/wp\/v2\/pages\/3108\/revisions\/12214"}],"wp:attachment":[{"href":"https:\/\/transparency.vdevs.eu\/hr\/wp-json\/wp\/v2\/media?parent=3108"}],"curies":[{"name":"wp","href":"https:\/\/api.w.org\/{rel}","templated":true}]}}