{"id":3126,"date":"2013-11-03T05:15:09","date_gmt":"2013-11-03T04:15:09","guid":{"rendered":"http:\/\/localhost:10245\/?page_id=3126"},"modified":"2025-10-14T09:56:15","modified_gmt":"2025-10-14T07:56:15","slug":"povijest","status":"publish","type":"page","link":"https:\/\/transparency.vdevs.eu\/hr\/o-nama-detalji\/povijest-14\/","title":{"rendered":"Povijest"},"content":{"rendered":"\r\n<p><strong>TI Hrvatska osnovan je u svibnju 2000. godine\u00a0<\/strong><\/p>\r\n\r\n\r\n\r\n<ul class=\"wp-block-list\">\r\n<li>okupio je vode\u0107e stru\u010dnjake ove zemlje s podru\u010dja prava, uprave i gospodarstva kako bi provodio \u0161to kvalitetniji program<\/li>\r\n\r\n\r\n\r\n<li>raspola\u017ee \u0161irokom bazom volontera, sura\u0111uju\u0107i pritom s Pravnim fakultetom, Fakultetom politi\u010dkih znanosti&#8230;<\/li>\r\n\r\n\r\n\r\n<li>odr\u017eava konferencije za medije kako bi javnosti ukazao na propuste, te kako bi joj omogu\u0107io pra\u0107enje recentnih razvoja u borbi protiv korupcije<\/li>\r\n\r\n\r\n\r\n<li>redovito sura\u0111uje s vode\u0107im novinarima kako bi omogu\u0107io \u0161to kvalitetnije izvje\u0161tavanje o zlu korupcije<\/li>\r\n\r\n\r\n\r\n<li>zajedno sa svojim stru\u010dnjacima nastupa kao savjetnik i predlagatelj reformi pred Vladom kao i pred ministarstvima i njihovim slu\u017ebama<\/li>\r\n\r\n\r\n\r\n<li>objavljuje i me\u0111unarodne analize i izvje\u0161taje<\/li>\r\n\r\n\r\n\r\n<li>omogu\u0107ava zainteresiranim pojedincima pristup mnogim korisnim obavijestima\u00a0<\/li>\r\n<\/ul>\r\n\r\n\r\n\r\n<p>Predsjednici TIH-a od osnivanja bili su:<\/p>\r\n\r\n\r\n\r\n<p>\u2022\u00a0prof.dr.sc. Josip Kregar (2000. &#8211; 2001.)<\/p>\r\n\r\n\r\n\r\n<p>\u2022\u00a0Sini\u0161a Petrovi\u0107 (2001. &#8211; 2002.)<\/p>\r\n\r\n\r\n\r\n<p>\u2022\u00a0prof.dr.sc. Josip Kregar (2002. &#8211; 2002.)<\/p>\r\n\r\n\r\n\r\n<p>\u2022\u00a0Zorislav Antun Petrovi\u0107 (2002. &#8211; 2010.)<\/p>\r\n\r\n\r\n\r\n<p>\u2022\u00a0Nikola Kristi\u0107 (2010. &#8211; 2013.)<\/p>\r\n\r\n\r\n\r\n<p>\u2022 Davorka Budimir (2013. &#8211; )<\/p>\r\n","protected":false},"excerpt":{"rendered":"<p>TI Hrvatska osnovan je u svibnju 2000. godine\u00a0 Predsjednici TIH-a od osnivanja bili su: \u2022\u00a0prof.dr.sc. Josip Kregar (2000. &#8211; 2001.) \u2022\u00a0Sini\u0161a Petrovi\u0107 (2001. &#8211; 2002.) \u2022\u00a0prof.dr.sc. Josip Kregar (2002. &#8211; 2002.) \u2022\u00a0Zorislav Antun Petrovi\u0107 (2002. &#8211; 2010.) \u2022\u00a0Nikola Kristi\u0107 (2010. &#8211; 2013.) \u2022 Davorka Budimir (2013. &#8211; )<\/p>\n","protected":false},"author":1,"featured_media":0,"parent":3108,"menu_order":0,"comment_status":"closed","ping_status":"closed","template":"template-about.php","meta":{"_acf_changed":false,"inline_featured_image":false,"footnotes":""},"class_list":["post-3126","page","type-page","status-publish","hentry"],"acf":[],"_links":{"self":[{"href":"https:\/\/transparency.vdevs.eu\/hr\/wp-json\/wp\/v2\/pages\/3126","targetHints":{"allow":["GET"]}}],"collection":[{"href":"https:\/\/transparency.vdevs.eu\/hr\/wp-json\/wp\/v2\/pages"}],"about":[{"href":"https:\/\/transparency.vdevs.eu\/hr\/wp-json\/wp\/v2\/types\/page"}],"author":[{"embeddable":true,"href":"https:\/\/transparency.vdevs.eu\/hr\/wp-json\/wp\/v2\/users\/1"}],"replies":[{"embeddable":true,"href":"https:\/\/transparency.vdevs.eu\/hr\/wp-json\/wp\/v2\/comments?post=3126"}],"version-history":[{"count":2,"href":"https:\/\/transparency.vdevs.eu\/hr\/wp-json\/wp\/v2\/pages\/3126\/revisions"}],"predecessor-version":[{"id":12224,"href":"https:\/\/transparency.vdevs.eu\/hr\/wp-json\/wp\/v2\/pages\/3126\/revisions\/12224"}],"up":[{"embeddable":true,"href":"https:\/\/transparency.vdevs.eu\/hr\/wp-json\/wp\/v2\/pages\/3108"}],"wp:attachment":[{"href":"https:\/\/transparency.vdevs.eu\/hr\/wp-json\/wp\/v2\/media?parent=3126"}],"curies":[{"name":"wp","href":"https:\/\/api.w.org\/{rel}","templated":true}]}}