{"id":3133,"date":"2013-11-03T05:40:43","date_gmt":"2013-11-03T04:40:43","guid":{"rendered":"http:\/\/localhost:10245\/?page_id=3133"},"modified":"2025-10-14T10:07:49","modified_gmt":"2025-10-14T08:07:49","slug":"tjela-udruge","status":"publish","type":"page","link":"https:\/\/transparency.vdevs.eu\/hr\/o-nama-detalji\/tijela-udruge-17\/","title":{"rendered":"Tijela udruge"},"content":{"rendered":"\r\n<p>Organizacijska struktura udruge:<\/p>\r\n\r\n\r\n\r\n<p><strong>Predsjednik\u00a0<\/strong><\/p>\r\n\r\n\r\n\r\n<p><strong>Potpredsjednik\u00a0<\/strong><\/p>\r\n\r\n\r\n\r\n<p><strong>Upravni odbor\u00a0<\/strong>je izvr\u0161no tijelo udruge i \u010dine ga predsjednik udruge, podpredsjednik udruge i do 3 (tri) \u010dlana udruge koje bira Skup\u0161tina. Upravni odbor imenuje se na mandat od tri godine, s mogu\u0107no\u0161\u0107u ponovnog izbora. Svaki redovan \u010dlan udruge mo\u017ee biti izabran za \u010dlana Upravnog odbora.<\/p>\r\n\r\n\r\n\r\n<p>Upravni odbor obavlja sljede\u0107e poslove:<\/p>\r\n\r\n\r\n\r\n<ul class=\"wp-block-list\">\r\n<li>upravlja radom udruge kroz dono\u0161enje strate\u0161kih, programskih i financijskih odluka u svrhu razvoja i dobrobiti Udruge u skladu s pozitivnim propisima RH, Statutom i ostalim aktima udruge, te odlukama Skup\u0161tine i tijela udruge<\/li>\r\n\r\n\r\n\r\n<li>podnosi izvje\u0161\u0107e o svom radu Skup\u0161tini jednom godi\u0161nje<\/li>\r\n\r\n\r\n\r\n<li>izvje\u0161tava Skup\u0161tinu o radu udruge i financijskom poslovanju;<\/li>\r\n\r\n\r\n\r\n<li>brine o imovini udruge, prikupljanju nov\u010danih sredstava, te o na\u010dinu ulaganja vi\u0161ka prihoda u unapre\u0111enje rada udruge;<\/li>\r\n\r\n\r\n\r\n<li>odgovora za sve aktivnosti udruge koje nisu posebno u nadle\u017enosti drugih tijela kao \u0161to je predvi\u0111eno ovim Statutom<\/li>\r\n<\/ul>\r\n\r\n\r\n\r\n<p><strong>Sud \u010dasti\u00a0<\/strong><\/p>\r\n\r\n\r\n\r\n<p>Sud \u010dasti samostalno je i neovisno tijelo udruge. Sud \u010dasti \u010dini 3 \u010dlana udruge izabranim natoplovi\u010dnom\u00a0ve\u0107inom glasova prisutnih \u010dlanova Skup\u0161tine tajnim glasovanjem.<\/p>\r\n\r\n\r\n\r\n<p>\u010clanovi Suda \u010dasti ne smiju biti u\u00a0drugim tijelima udruge.\u00a0Sud \u010dasti ispituje okolnosti isklju\u010denja pojedinih \u010dlanova udruge iz \u010dlanstva udruge predvi\u0111ene \u010dlankom\u00a019. Statuta.<\/p>\r\n\r\n\r\n\r\n<p>Odluka Suda \u010dasti donosi se ve\u0107inom glasova njegovih \u010dlanova. Odluku Suda \u010dasti provodi Upravni\u00a0odbor. Mandat \u010dlanova Suda \u010dasti traje 3 godine i mo\u017ee se pnavljati. Protiv odluke Suda \u010dasti dopu\u0161ten je prigovor Skup\u0161tini udruge u roku od 15 dana od primitka odluke. O\u00a0prigovoru odlu\u010duje Skup\u0161tina na svojoj prvoj narednoj sjednici.<\/p>\r\n","protected":false},"excerpt":{"rendered":"<p>Organizacijska struktura udruge: Predsjednik\u00a0 Potpredsjednik\u00a0 Upravni odbor\u00a0je izvr\u0161no tijelo udruge i \u010dine ga predsjednik udruge, podpredsjednik udruge i do 3 (tri) \u010dlana udruge koje bira Skup\u0161tina. Upravni odbor imenuje se na mandat od tri godine, s mogu\u0107no\u0161\u0107u ponovnog izbora. Svaki redovan \u010dlan udruge mo\u017ee biti izabran za \u010dlana Upravnog odbora. Upravni odbor obavlja sljede\u0107e poslove: [&hellip;]<\/p>\n","protected":false},"author":1,"featured_media":0,"parent":3108,"menu_order":0,"comment_status":"closed","ping_status":"closed","template":"template-about.php","meta":{"_acf_changed":false,"inline_featured_image":false,"footnotes":""},"class_list":["post-3133","page","type-page","status-publish","hentry"],"acf":[],"_links":{"self":[{"href":"https:\/\/transparency.vdevs.eu\/hr\/wp-json\/wp\/v2\/pages\/3133","targetHints":{"allow":["GET"]}}],"collection":[{"href":"https:\/\/transparency.vdevs.eu\/hr\/wp-json\/wp\/v2\/pages"}],"about":[{"href":"https:\/\/transparency.vdevs.eu\/hr\/wp-json\/wp\/v2\/types\/page"}],"author":[{"embeddable":true,"href":"https:\/\/transparency.vdevs.eu\/hr\/wp-json\/wp\/v2\/users\/1"}],"replies":[{"embeddable":true,"href":"https:\/\/transparency.vdevs.eu\/hr\/wp-json\/wp\/v2\/comments?post=3133"}],"version-history":[{"count":2,"href":"https:\/\/transparency.vdevs.eu\/hr\/wp-json\/wp\/v2\/pages\/3133\/revisions"}],"predecessor-version":[{"id":12226,"href":"https:\/\/transparency.vdevs.eu\/hr\/wp-json\/wp\/v2\/pages\/3133\/revisions\/12226"}],"up":[{"embeddable":true,"href":"https:\/\/transparency.vdevs.eu\/hr\/wp-json\/wp\/v2\/pages\/3108"}],"wp:attachment":[{"href":"https:\/\/transparency.vdevs.eu\/hr\/wp-json\/wp\/v2\/media?parent=3133"}],"curies":[{"name":"wp","href":"https:\/\/api.w.org\/{rel}","templated":true}]}}