{"id":3136,"date":"2013-11-13T05:42:38","date_gmt":"2013-11-13T04:42:38","guid":{"rendered":"http:\/\/localhost:10245\/?page_id=3136"},"modified":"2025-10-14T10:20:05","modified_gmt":"2025-10-14T08:20:05","slug":"predsjednica","status":"publish","type":"page","link":"https:\/\/transparency.vdevs.eu\/hr\/o-nama-detalji\/predsjednica-38\/","title":{"rendered":"Predsjednica"},"content":{"rendered":"<p><img loading=\"lazy\" decoding=\"async\" class=\"alignnone size-full wp-image-12229\" src=\"https:\/\/transparency.vdevs.eu\/wp-content\/uploads\/2025\/10\/th_d_budimir1.jpg\" alt=\"\" width=\"372\" height=\"487\" \/><\/p>\r\n\r\n<p>Dr.sc.\u00a0<a href=\"mailto:dbudimir@transparency.hr\">Davorka Budimir<\/a>\u00a0je\u00a0predsjednica TIH-a. Ro\u0111ena je u Zagrebu 1970. godine, a po obrazovanju je doktorica dru\u0161tvenih znanosti.\u00a0Po zanimanju je direktorica privatne tvrtke. Od 2013. do\u00a02016. godine bila je predsjednica Hrvatskog politolo\u0161kog dru\u0161tva. U mandatu 2010.-2015. obavljala je du\u017enosti potpredsjednice\u00a0Izvr\u0161nog odbor\u00a0Udruge za trgovinu\u00a0pri Hrvatskoj udruzi poslodavaca.\u00a0Objavila je vi\u0161e znanstvenih \u010dlanaka na temu politi\u010dkih elita u Hrvatskoj.\u00a0\u010clanica je TIH-a od 2010. godine. \u00a0\u00a0<\/p>\r\n\r\n\r\n\r\n<p>dbudimir@transparency.hr<\/p>\r\n","protected":false},"excerpt":{"rendered":"<p>Dr.sc.\u00a0Davorka Budimir\u00a0je\u00a0predsjednica TIH-a. Ro\u0111ena je u Zagrebu 1970. godine, a po obrazovanju je doktorica dru\u0161tvenih znanosti.\u00a0Po zanimanju je direktorica privatne tvrtke. Od 2013. do\u00a02016. godine bila je predsjednica Hrvatskog politolo\u0161kog dru\u0161tva. U mandatu 2010.-2015. obavljala je du\u017enosti potpredsjednice\u00a0Izvr\u0161nog odbor\u00a0Udruge za trgovinu\u00a0pri Hrvatskoj udruzi poslodavaca.\u00a0Objavila je vi\u0161e znanstvenih \u010dlanaka na temu politi\u010dkih elita u Hrvatskoj.\u00a0\u010clanica je [&hellip;]<\/p>\n","protected":false},"author":1,"featured_media":0,"parent":3133,"menu_order":0,"comment_status":"closed","ping_status":"closed","template":"template-about.php","meta":{"_acf_changed":false,"inline_featured_image":false,"footnotes":""},"class_list":["post-3136","page","type-page","status-publish","hentry"],"acf":[],"_links":{"self":[{"href":"https:\/\/transparency.vdevs.eu\/hr\/wp-json\/wp\/v2\/pages\/3136","targetHints":{"allow":["GET"]}}],"collection":[{"href":"https:\/\/transparency.vdevs.eu\/hr\/wp-json\/wp\/v2\/pages"}],"about":[{"href":"https:\/\/transparency.vdevs.eu\/hr\/wp-json\/wp\/v2\/types\/page"}],"author":[{"embeddable":true,"href":"https:\/\/transparency.vdevs.eu\/hr\/wp-json\/wp\/v2\/users\/1"}],"replies":[{"embeddable":true,"href":"https:\/\/transparency.vdevs.eu\/hr\/wp-json\/wp\/v2\/comments?post=3136"}],"version-history":[{"count":2,"href":"https:\/\/transparency.vdevs.eu\/hr\/wp-json\/wp\/v2\/pages\/3136\/revisions"}],"predecessor-version":[{"id":12231,"href":"https:\/\/transparency.vdevs.eu\/hr\/wp-json\/wp\/v2\/pages\/3136\/revisions\/12231"}],"up":[{"embeddable":true,"href":"https:\/\/transparency.vdevs.eu\/hr\/wp-json\/wp\/v2\/pages\/3133"}],"wp:attachment":[{"href":"https:\/\/transparency.vdevs.eu\/hr\/wp-json\/wp\/v2\/media?parent=3136"}],"curies":[{"name":"wp","href":"https:\/\/api.w.org\/{rel}","templated":true}]}}