{"id":3138,"date":"2013-11-03T05:44:01","date_gmt":"2013-11-03T04:44:01","guid":{"rendered":"http:\/\/localhost:10245\/?page_id=3138"},"modified":"2025-10-14T10:22:11","modified_gmt":"2025-10-14T08:22:11","slug":"potpredsjednik","status":"publish","type":"page","link":"https:\/\/transparency.vdevs.eu\/hr\/o-nama-detalji\/potpredsjednik-25\/","title":{"rendered":"Potpredsjednik"},"content":{"rendered":"<p><img loading=\"lazy\" decoding=\"async\" class=\"alignnone size-full wp-image-12233\" src=\"https:\/\/transparency.vdevs.eu\/wp-content\/uploads\/2025\/10\/th_fotka_don.png\" alt=\"\" width=\"218\" height=\"360\" \/><\/p>\r\n\r\n<p>Don Marku\u0161i\u0107 je australski odvjetnik hrvatskog podrijetla, tako\u0111er ovla\u0161ten baviti se pravom u Engleskoj i Walesu. Prvi je priznati odvjetnik tzv. obi\u010dajnog prava (Common Law) kojem je dopu\u0161teno obavljati posao u Hrvatskoj. Pravni pionir i zakonodavni reformator, kao dugogodi\u0161nji \u010dlan Uprave i sada\u0161nji potpredsjednik Transparency Internationala, donedavni Predsjednik Ameri\u010dke gospodarske komore u Hrvatskoj i stru\u010dni savjetnik u Saborskom odboru za zakonodavstvo te osniva\u010d i predsjednik Azijsko-pacifi\u010dke gospodarske komore, Don ne samo da je ostvario promjene zakona, ve\u0107 i sam na\u010din na koji se zakoni donose, implementiraju\u0107i konzultativni postupak. Njegov rad s TIH-om uklju\u010duje omogu\u0107avanje privatnom sektoru i civilnom dru\u0161tvu da zauzmu kolektivan stav protiv korupcije kako bi se pobolj\u0161alo poslovno okru\u017eenje, a samim time i ocjena Hrvatske na Indeksu percepcije korupcije.<\/p>\r\n\r\n\r\n\r\n<p>dmarkusic@transparency.hr<\/p>\r\n","protected":false},"excerpt":{"rendered":"<p>Don Marku\u0161i\u0107 je australski odvjetnik hrvatskog podrijetla, tako\u0111er ovla\u0161ten baviti se pravom u Engleskoj i Walesu. Prvi je priznati odvjetnik tzv. obi\u010dajnog prava (Common Law) kojem je dopu\u0161teno obavljati posao u Hrvatskoj. Pravni pionir i zakonodavni reformator, kao dugogodi\u0161nji \u010dlan Uprave i sada\u0161nji potpredsjednik Transparency Internationala, donedavni Predsjednik Ameri\u010dke gospodarske komore u Hrvatskoj i stru\u010dni [&hellip;]<\/p>\n","protected":false},"author":1,"featured_media":0,"parent":3133,"menu_order":0,"comment_status":"closed","ping_status":"closed","template":"template-about.php","meta":{"_acf_changed":false,"inline_featured_image":false,"footnotes":""},"class_list":["post-3138","page","type-page","status-publish","hentry"],"acf":[],"_links":{"self":[{"href":"https:\/\/transparency.vdevs.eu\/hr\/wp-json\/wp\/v2\/pages\/3138","targetHints":{"allow":["GET"]}}],"collection":[{"href":"https:\/\/transparency.vdevs.eu\/hr\/wp-json\/wp\/v2\/pages"}],"about":[{"href":"https:\/\/transparency.vdevs.eu\/hr\/wp-json\/wp\/v2\/types\/page"}],"author":[{"embeddable":true,"href":"https:\/\/transparency.vdevs.eu\/hr\/wp-json\/wp\/v2\/users\/1"}],"replies":[{"embeddable":true,"href":"https:\/\/transparency.vdevs.eu\/hr\/wp-json\/wp\/v2\/comments?post=3138"}],"version-history":[{"count":2,"href":"https:\/\/transparency.vdevs.eu\/hr\/wp-json\/wp\/v2\/pages\/3138\/revisions"}],"predecessor-version":[{"id":12235,"href":"https:\/\/transparency.vdevs.eu\/hr\/wp-json\/wp\/v2\/pages\/3138\/revisions\/12235"}],"up":[{"embeddable":true,"href":"https:\/\/transparency.vdevs.eu\/hr\/wp-json\/wp\/v2\/pages\/3133"}],"wp:attachment":[{"href":"https:\/\/transparency.vdevs.eu\/hr\/wp-json\/wp\/v2\/media?parent=3138"}],"curies":[{"name":"wp","href":"https:\/\/api.w.org\/{rel}","templated":true}]}}