{"id":3140,"date":"2013-11-08T05:45:46","date_gmt":"2013-11-08T04:45:46","guid":{"rendered":"http:\/\/localhost:10245\/?page_id=3140"},"modified":"2025-10-14T10:24:56","modified_gmt":"2025-10-14T08:24:56","slug":"upravni-odbor-i-sud-casti","status":"publish","type":"page","link":"https:\/\/transparency.vdevs.eu\/hr\/o-nama-detalji\/upravni-odbor-i-sud-casti-28\/","title":{"rendered":"Upravni odbor i Sud \u010dasti"},"content":{"rendered":"<p><img loading=\"lazy\" decoding=\"async\" class=\"alignnone size-full wp-image-12237\" src=\"https:\/\/transparency.vdevs.eu\/wp-content\/uploads\/2025\/10\/th_2016-06-03_uo-tih.jpg\" alt=\"\" width=\"400\" height=\"333\" \/><\/p>\r\n<p>&nbsp;<\/p>\r\n\r\n<p>\u010clanovi Upravnog odbora su:<\/p>\r\n\r\n\r\n\r\n<ul class=\"wp-block-list\">\r\n<li><strong>dr.sc.<a href=\"mailto:dbudimir@transparency.hr\">Davorka Budimir<\/a>, predsjednica<\/strong><\/li>\r\n\r\n\r\n\r\n<li><strong><a href=\"mailto:dmarkusic@transparency.hr\">Don Marku\u0161i\u0107,<\/a>\u00a0potpredsjednik<\/strong><\/li>\r\n\r\n\r\n\r\n<li><strong>prof.dr. sc.<a href=\"mailto:lkardum@transparency.hr\">\u00a0Livia Kardum<\/a><\/strong><\/li>\r\n\r\n\r\n\r\n<li><strong>dr.sc.\u00a0<a href=\"mailto:rlucijetic@transparency.hr\">Rosana Lucijeti\u0107<\/a><\/strong><\/li>\r\n\r\n\r\n\r\n<li><strong>Alina Al-Garby<\/strong><\/li>\r\n<\/ul>\r\n\r\n\r\n\r\n<p><strong>\u200b<\/strong><\/p>\r\n\r\n\r\n\r\n<p>Prof.dr.sc.<strong>\u00a0Livia Kardum<\/strong>\u00a0\u010dlanica je TIH-a od 2009.\u00a0godine, a \u010dlan UO od 26.12. 2011. godine. Ro\u0111ena je 1951. u Zagrebu gdje je i zavr\u0161ila \u0161kolovanje. Magistrirala je na Pravnom fakultetu Sveu\u010dili\u0161ta u Zagrebu i stekla magisterij iz dr\u017eavno politi\u010dkih znanosti. Doktorirala je na Fakultetu politi\u010dkih znanosti na kojem je\u00a0i zaposlena kao redoviti\u00a0 profesor na predmetima svjetske politi\u010dke povijesti 20 stolje\u0107a i povijesti diplomacije.<\/p>\r\n\r\n\r\n\r\n<p><br \/>Dr.sc.<strong>\u00a0Rosana Lucijeti\u0107\u00a0<\/strong>\u010dlanica je TIH-a<strong>\u00a0<\/strong>od 2002. godine, a u Upravnom odboru od 3. 4. 2014. godine.\u00a0Na Fakultetu politi\u010dkih znanosti Sveu\u010dili\u0161ta\u00a0u Zagrebu diplomirala je politologiju 1983 gdje je 2007. godine doktorirala s naslovom doktorske disertacije \u201eS<em>uzbijanje politi\u010dke korupcije: Europski standardi i nacionalna politika\u201c.\u00a0<\/em>Autorica je niza znanstvenih i stru\u010dnih radova o prevenciji i suzbijanju korupcije, koja je uz civilno dru\u0161tvo i upravu temeljno podru\u010dje njenog znanstvenog interesa.\u00a0Radila je kao novinarka, voditeljica Kabineta gradona\u010delnika, pro\u010delnica Upravnog odjela. Trenutno radi kao Vi\u0161i predava\u010d\u00a0 Visoke tehni\u010dke \u0161kole u Puli na specijalisti\u010dkom diplomskom stru\u010dnom studiju \u201e<em>Kreativni menad\u017ement u procesima<\/em>\u201c.<\/p>\r\n\r\n\r\n\r\n<p>Sud \u010dasti samostalno je i neovisno tijelo udruge. Sud \u010dasti \u010dini 3 \u010dlana udruge izabranim natoplovi\u010dnom\u00a0ve\u0107inom glasova prisutnih \u010dlanova Skup\u0161tine tajnim glasovanjem. \u010clanovi Suda \u010dasti ne smiju biti u\u00a0drugim tijelima udruge.\u00a0Sud \u010dasti ispituje okolnosti isklju\u010denja pojedinih \u010dlanova udruge iz \u010dlanstva udruge predvi\u0111ene \u010dlankom\u00a019. Statuta. Odluka Suda \u010dasti donosi se ve\u0107inom glasova njegovih \u010dlanova. Odluku Suda \u010dasti provodi Upravni\u00a0odbor. Mandat \u010dlanova Suda \u010dasti traje 3 godine.\u00a0Protiv odluke Suda \u010dasti dopu\u0161ten je prigovor Skup\u0161tini udruge u roku od 15 dana od primitka odluke. O\u00a0prigovoru odlu\u010duje Skup\u0161tina na svojoj prvoj narednoj sjednici.<\/p>\r\n","protected":false},"excerpt":{"rendered":"<p>&nbsp; \u010clanovi Upravnog odbora su: \u200b Prof.dr.sc.\u00a0Livia Kardum\u00a0\u010dlanica je TIH-a od 2009.\u00a0godine, a \u010dlan UO od 26.12. 2011. godine. Ro\u0111ena je 1951. u Zagrebu gdje je i zavr\u0161ila \u0161kolovanje. Magistrirala je na Pravnom fakultetu Sveu\u010dili\u0161ta u Zagrebu i stekla magisterij iz dr\u017eavno politi\u010dkih znanosti. Doktorirala je na Fakultetu politi\u010dkih znanosti na kojem je\u00a0i zaposlena kao [&hellip;]<\/p>\n","protected":false},"author":1,"featured_media":0,"parent":3133,"menu_order":0,"comment_status":"closed","ping_status":"closed","template":"template-about.php","meta":{"_acf_changed":false,"inline_featured_image":false,"footnotes":""},"class_list":["post-3140","page","type-page","status-publish","hentry"],"acf":[],"_links":{"self":[{"href":"https:\/\/transparency.vdevs.eu\/hr\/wp-json\/wp\/v2\/pages\/3140","targetHints":{"allow":["GET"]}}],"collection":[{"href":"https:\/\/transparency.vdevs.eu\/hr\/wp-json\/wp\/v2\/pages"}],"about":[{"href":"https:\/\/transparency.vdevs.eu\/hr\/wp-json\/wp\/v2\/types\/page"}],"author":[{"embeddable":true,"href":"https:\/\/transparency.vdevs.eu\/hr\/wp-json\/wp\/v2\/users\/1"}],"replies":[{"embeddable":true,"href":"https:\/\/transparency.vdevs.eu\/hr\/wp-json\/wp\/v2\/comments?post=3140"}],"version-history":[{"count":3,"href":"https:\/\/transparency.vdevs.eu\/hr\/wp-json\/wp\/v2\/pages\/3140\/revisions"}],"predecessor-version":[{"id":12240,"href":"https:\/\/transparency.vdevs.eu\/hr\/wp-json\/wp\/v2\/pages\/3140\/revisions\/12240"}],"up":[{"embeddable":true,"href":"https:\/\/transparency.vdevs.eu\/hr\/wp-json\/wp\/v2\/pages\/3133"}],"wp:attachment":[{"href":"https:\/\/transparency.vdevs.eu\/hr\/wp-json\/wp\/v2\/media?parent=3140"}],"curies":[{"name":"wp","href":"https:\/\/api.w.org\/{rel}","templated":true}]}}