{"id":3147,"date":"2015-10-12T06:19:38","date_gmt":"2015-10-12T04:19:38","guid":{"rendered":"http:\/\/localhost:10245\/?page_id=3147"},"modified":"2025-10-14T10:30:04","modified_gmt":"2025-10-14T08:30:04","slug":"volonteri","status":"publish","type":"page","link":"https:\/\/transparency.vdevs.eu\/hr\/o-nama-detalji\/volonteri-136\/","title":{"rendered":"Volonteri"},"content":{"rendered":"\r\n<p><strong>Volonteri-mentori (abecednim redom)<\/strong><\/p>\r\n\r\n\r\n\r\n<ul class=\"wp-block-list\">\r\n<li><strong>Ba\u0161i\u0107\u00a0<\/strong>Florijan<\/li>\r\n\r\n\r\n\r\n<li><strong>Hajtok<\/strong>\u00a0Ivana<\/li>\r\n\r\n\r\n\r\n<li><strong>Ker\u010devi\u0107<\/strong>\u00a0Sr\u0111an<\/li>\r\n\r\n\r\n\r\n<li><strong>Krmpoti\u0107<\/strong>\u00a0Magdalena<\/li>\r\n\r\n\r\n\r\n<li><strong>Ma\u0161i\u0107<\/strong>\u00a0Yvonne<\/li>\r\n\r\n\r\n\r\n<li><strong>Moha\u010d<\/strong>\u00a0Marko<\/li>\r\n\r\n\r\n\r\n<li><strong>Para\u0107<\/strong>\u00a0Marija<\/li>\r\n\r\n\r\n\r\n<li><strong>Polenus<\/strong>\u00a0Marijana<\/li>\r\n\r\n\r\n\r\n<li><strong>Renge<\/strong>l Anita<\/li>\r\n\r\n\r\n\r\n<li><strong>Rukavina<\/strong>\u00a0Bruno<\/li>\r\n\r\n\r\n\r\n<li><strong>Borna<\/strong>\u00a0Zrin\u0161\u010dak<\/li>\r\n<\/ul>\r\n\r\n\r\n\r\n<p><strong>Volonteri (abecednim redom):<\/strong><\/p>\r\n\r\n\r\n\r\n<ul class=\"wp-block-list\">\r\n<li><strong>\u0106ori\u0107<\/strong>\u00a0Matea<\/li>\r\n\r\n\r\n\r\n<li><strong>Frank<\/strong>\u00a0Maja<\/li>\r\n\r\n\r\n\r\n<li><strong>Jelovac<\/strong>\u00a0Aleksandar<\/li>\r\n\r\n\r\n\r\n<li><strong>Jurak<\/strong>\u00a0Nikola<\/li>\r\n\r\n\r\n\r\n<li><strong>Ke\u0161ina<\/strong>\u00a0Matej<\/li>\r\n\r\n\r\n\r\n<li><strong>Kuljanac<\/strong>\u00a0\u017daklina<\/li>\r\n\r\n\r\n\r\n<li><strong>Krsta\u0161<\/strong>\u00a0Nikica<\/li>\r\n\r\n\r\n\r\n<li><strong>Milakovi\u0107<\/strong>\u00a0Elena<\/li>\r\n\r\n\r\n\r\n<li><strong>Neki\u0107-\u0106osi\u0107<\/strong>\u00a0Ana<\/li>\r\n\r\n\r\n\r\n<li><strong>Novak<\/strong>\u00a0Nikola<\/li>\r\n\r\n\r\n\r\n<li><strong>Novak<\/strong>\u00a0Tina<\/li>\r\n\r\n\r\n\r\n<li><strong>Ro\u0161kari\u0107<\/strong>\u00a0Silvija<\/li>\r\n<\/ul>\r\n\r\n\r\n\r\n<p>Studenti Pravne klinike 10 sati volontiranja 1\/2016 ( 14.1.-31.1.2016.)<\/p>\r\n\r\n\r\n\r\n<ul class=\"wp-block-list\">\r\n<li><strong>Bla\u017eanovi\u0107\u00a0<\/strong>\u00a0Antun<\/li>\r\n\r\n\r\n\r\n<li><strong>Boto Pr\u0161a\u00a0<\/strong>Sonja<\/li>\r\n\r\n\r\n\r\n<li><strong>Crn\u010devi\u0107<\/strong>\u00a0Anamarija<\/li>\r\n\r\n\r\n\r\n<li><strong>\u010cavlovi\u0107\u00a0<\/strong>Dijana<\/li>\r\n\r\n\r\n\r\n<li><strong>\u010cu<\/strong>lo Dino<\/li>\r\n\r\n\r\n\r\n<li><strong>Duka<\/strong>\u00a0Sara<\/li>\r\n\r\n\r\n\r\n<li><strong>Kne\u017eevi\u0107<\/strong>\u00a0Toni<\/li>\r\n\r\n\r\n\r\n<li><strong>Laban-Sobol<\/strong>\u00a0Petra<\/li>\r\n\r\n\r\n\r\n<li><strong>Laban-Sobo<\/strong>l Stefan<\/li>\r\n\r\n\r\n\r\n<li><strong>Mileti<\/strong>\u0107 Dina<\/li>\r\n<\/ul>\r\n\r\n\r\n\r\n<p><strong><a href=\"mailto:volonter@transparency.hr\">Volonteri TIH-a<\/a><\/strong>&nbsp;(studenti) abecednim redom za ak. godinu 2014\/15:<\/p>\r\n\r\n\r\n\r\n<ul class=\"wp-block-list\">\r\n<li>Florijan<strong>\u00a0Ba\u0161i\u0107<\/strong>\u00a0(III godina)\u00a0<\/li>\r\n\r\n\r\n\r\n<li>Ivan\u00a0<strong>Bedenikovi\u0107<\/strong>\u00a0(II godina)<\/li>\r\n\r\n\r\n\r\n<li>Ivana\u00a0<strong>Hajtok<\/strong>\u00a0(V godina)<\/li>\r\n\r\n\r\n\r\n<li>Sr\u0111an\u00a0<strong>Ker\u010devi\u0107<\/strong>\u00a0(V godina)<\/li>\r\n\r\n\r\n\r\n<li>Jan\u00a0<strong>Kola\u010dek<\/strong>\u00a0(V godina)<\/li>\r\n\r\n\r\n\r\n<li>Magdalena\u00a0<strong>Krmpoti\u0107<\/strong>\u00a0(IV godina)<\/li>\r\n\r\n\r\n\r\n<li>Valentina\u00a0<strong>Malogorsk<\/strong>i (V godina)<\/li>\r\n\r\n\r\n\r\n<li>Karmela\u00a0<strong>Ma\u0161i\u0107<\/strong>\u00a0(V godina)<\/li>\r\n\r\n\r\n\r\n<li>Yvonne\u00a0<strong>Ma\u0161i\u0107<\/strong>\u00a0(IV godina)<\/li>\r\n\r\n\r\n\r\n<li>Hannan\u00a0<strong>Nani\u0107<\/strong>\u00a0(II godina)<\/li>\r\n\r\n\r\n\r\n<li>Marija\u00a0<strong>Para\u0107<\/strong>\u00a0(II godina)<\/li>\r\n\r\n\r\n\r\n<li>Mia\u00a0<strong>Perkovi\u0107\u00a0<\/strong>(IV godina)<\/li>\r\n\r\n\r\n\r\n<li>Marijana<strong>\u00a0Polenus<\/strong>\u00a0(II godina)<\/li>\r\n\r\n\r\n\r\n<li>Lana\u00a0<strong>Popara\u00a0<\/strong>(V godina)<\/li>\r\n\r\n\r\n\r\n<li>Tanja\u00a0<strong>Ratkovi\u0107<\/strong>\u00a0(III godina)<\/li>\r\n\r\n\r\n\r\n<li>Anita\u00a0<strong>Rengel<\/strong>\u00a0(V godina)<\/li>\r\n\r\n\r\n\r\n<li>Sara\u00a0<strong>Rudec<\/strong>\u00a0(V godina)<\/li>\r\n\r\n\r\n\r\n<li>Bruno\u00a0<strong>Rukavina<\/strong>\u00a0(III godina)<\/li>\r\n\r\n\r\n\r\n<li>Borna\u00a0<strong>Zrin\u0161\u010dak<\/strong>\u00a0(IV godina)<\/li>\r\n<\/ul>\r\n","protected":false},"excerpt":{"rendered":"<p>Volonteri-mentori (abecednim redom) Volonteri (abecednim redom): Studenti Pravne klinike 10 sati volontiranja 1\/2016 ( 14.1.-31.1.2016.) Volonteri TIH-a&nbsp;(studenti) abecednim redom za ak. godinu 2014\/15:<\/p>\n","protected":false},"author":1,"featured_media":0,"parent":3145,"menu_order":0,"comment_status":"closed","ping_status":"closed","template":"template-about.php","meta":{"_acf_changed":false,"inline_featured_image":false,"footnotes":""},"class_list":["post-3147","page","type-page","status-publish","hentry"],"acf":[],"_links":{"self":[{"href":"https:\/\/transparency.vdevs.eu\/hr\/wp-json\/wp\/v2\/pages\/3147","targetHints":{"allow":["GET"]}}],"collection":[{"href":"https:\/\/transparency.vdevs.eu\/hr\/wp-json\/wp\/v2\/pages"}],"about":[{"href":"https:\/\/transparency.vdevs.eu\/hr\/wp-json\/wp\/v2\/types\/page"}],"author":[{"embeddable":true,"href":"https:\/\/transparency.vdevs.eu\/hr\/wp-json\/wp\/v2\/users\/1"}],"replies":[{"embeddable":true,"href":"https:\/\/transparency.vdevs.eu\/hr\/wp-json\/wp\/v2\/comments?post=3147"}],"version-history":[{"count":1,"href":"https:\/\/transparency.vdevs.eu\/hr\/wp-json\/wp\/v2\/pages\/3147\/revisions"}],"predecessor-version":[{"id":3148,"href":"https:\/\/transparency.vdevs.eu\/hr\/wp-json\/wp\/v2\/pages\/3147\/revisions\/3148"}],"up":[{"embeddable":true,"href":"https:\/\/transparency.vdevs.eu\/hr\/wp-json\/wp\/v2\/pages\/3145"}],"wp:attachment":[{"href":"https:\/\/transparency.vdevs.eu\/hr\/wp-json\/wp\/v2\/media?parent=3147"}],"curies":[{"name":"wp","href":"https:\/\/api.w.org\/{rel}","templated":true}]}}