{"id":3149,"date":"2015-01-31T06:19:55","date_gmt":"2015-01-31T05:19:55","guid":{"rendered":"http:\/\/localhost:10245\/?page_id=3149"},"modified":"2025-10-14T10:31:44","modified_gmt":"2025-10-14T08:31:44","slug":"donatori","status":"publish","type":"page","link":"https:\/\/transparency.vdevs.eu\/hr\/o-nama-detalji\/donatori-122\/","title":{"rendered":"Donatori"},"content":{"rendered":"\r\n<p>\u200bTransparency International Hrvatska dobiva sredstva iz nekoliko razli\u010ditih izvora, uklju\u010duju\u0107i vlade, zaklada, privatnog sektora i pojedinaca na osnovu projekta. O&nbsp;financijama&nbsp;TIH-a mo\u017eete saznati vi\u0161e&nbsp;<a href=\"http:\/\/transparency.hr\/hr\/tko-smo\/financijska-izvjesca-2012-2014\/110\" target=\"_blank\" rel=\"noopener\">ovdje<\/a>.<\/p>\r\n\r\n\r\n\r\n<p><strong>Dontori 2024. godina:<\/strong>&nbsp;<\/p>\r\n\r\n\r\n\r\n<p><strong>11.664,00 eur&nbsp;<\/strong>Nacionalna zaklada za razvoj civilnog dru\u0161tva IP&nbsp;<\/p>\r\n\r\n\r\n\r\n<p><strong>Donatori 2023. godina:<\/strong><\/p>\r\n\r\n\r\n\r\n<ul class=\"wp-block-list\">\r\n<li><strong>Afera nije fer &#8211; Agencija za mobilnost i programe EU\u00a0<\/strong><\/li>\r\n<\/ul>\r\n\r\n\r\n\r\n<p><strong>Donatori 2022. godina:<\/strong><\/p>\r\n\r\n\r\n\r\n<ul class=\"wp-block-list\">\r\n<li><strong>66.500,00 kn<\/strong>\u00a0godi\u0161nji iznos institucionlane potpore Nacionalne zaklade za razvoj civilnog dru\u0161tva, III\u00a0godina provedbe<\/li>\r\n<\/ul>\r\n\r\n\r\n\r\n<p><strong>Donatori 2021. godina:<\/strong><\/p>\r\n\r\n\r\n\r\n<ul class=\"wp-block-list\">\r\n<li><strong>66.500,00 kn<\/strong>\u00a0godi\u0161nji iznos institucionlane potpore Nacionalne zaklade za razvoj civilnog dru\u0161tva, II\u00a0godina provedbe<\/li>\r\n<\/ul>\r\n\r\n\r\n\r\n<p><strong>Donatori 2020. godina:<\/strong><\/p>\r\n\r\n\r\n\r\n<ul class=\"wp-block-list\">\r\n<li><strong>66.500,00 kn<\/strong>\u00a0godi\u0161nji iznos institucionlane potpore Nacionalne zaklade za razvoj civilnog dru\u0161tva, I\u00a0godina provedbe<\/li>\r\n<\/ul>\r\n\r\n\r\n\r\n<p><strong>Donatori 2019. godina:<\/strong><\/p>\r\n\r\n\r\n\r\n<ul class=\"wp-block-list\">\r\n<li>\u00a0<\/li>\r\n<\/ul>\r\n\r\n\r\n\r\n<p><strong>Donatori 2018. godina:<\/strong><\/p>\r\n\r\n\r\n\r\n<ul class=\"wp-block-list\">\r\n<li><strong>62.500,00 kn<\/strong>\u00a0godi\u0161nji iznos institucionlane potpore Nacionalne zaklade za razvoj civilnog dru\u0161tva, III godina provedbe\u00a0<\/li>\r\n<\/ul>\r\n\r\n\r\n\r\n<p><strong>Donatori 2017. godina:<\/strong><\/p>\r\n\r\n\r\n\r\n<ul class=\"wp-block-list\">\r\n<li><strong>62.500,00 kn<\/strong>\u00a0godi\u0161nji iznos institucionlane potpore Nacionalne zaklade za razvoj civilnog dru\u0161tva, II godina provedbe\u00a0<\/li>\r\n<\/ul>\r\n\r\n\r\n\r\n<p><strong>Donatori 2016. godina:<\/strong><\/p>\r\n\r\n\r\n\r\n<ul class=\"wp-block-list\">\r\n<li><strong>52.500,00 kn<\/strong>\u00a0godi\u0161nji iznos institucionlane potpore Nacionalne zaklade za razvoj civilnog dru\u0161tva\u00a0<\/li>\r\n\r\n\r\n\r\n<li><strong>10.000,00 kn<\/strong>\u00a0grad Zagreb projekt &#8220;<a href=\"http:\/\/www.zagreb.hr\/default.aspx?id=92122\" target=\"_blank\" rel=\"noopener\"><em><strong>Transparentnost financiranja nacionalnih manjina i ostvarivanje zajam\u010denih manjinskih prava&#8221;<\/strong><\/em><\/a><\/li>\r\n\r\n\r\n\r\n<li><em><strong>15.000,00 kn\u00a0<\/strong>grad Zagreb projekt &#8221; Antikorupcijski sat za u\u010denike srednjih \u0161kola, Gradski ured za obrazovanje, projekti udruga za mlade \u00a0<\/em><\/li>\r\n\r\n\r\n\r\n<li><em><strong>10.000,00 kn<\/strong>\u00a0grad Zagreb jednokratna potpora za obilje\u017eavanje Me\u0111unarodnog dana borbe protiv korupcije odr\u017eavanjem konferencije &#8220;Izazovi pred nama &#8211; korupcija u civilnom dru\u0161tvu, medijima i politici kao prepreka dru\u0161tvenom razvoju Hrvatske<strong>&#8220;<\/strong><\/em><\/li>\r\n\r\n\r\n\r\n<li><strong>5.000,00 kn<\/strong>\u00a0Antalntic grupa<\/li>\r\n\r\n\r\n\r\n<li><strong>1.000,00 kn\u00a0<\/strong>anonimna donacija \u00a0gra\u0111anina<\/li>\r\n<\/ul>\r\n\r\n\r\n\r\n<p><strong>Donatori 2015. godina\u200b:&nbsp;<\/strong><\/p>\r\n\r\n\r\n\r\n<ul class=\"wp-block-list\">\r\n<li>3.000,00 kn Nenad Baki\u0107, pojedina\u010dna donacija<\/li>\r\n\r\n\r\n\r\n<li>12.000,00 kn Grad Zagreb &#8220;<em>Jednokratna nov\u010dana potpora- Antikorupcijsko savjetovali\u0161te za poduzetnike&#8221;<\/em><\/li>\r\n\r\n\r\n\r\n<li>10.000,00 kn Grad Zagreb &#8220;<em>Volontiranje mladih u borbi protiv korupcije kroz Studentski klub TIH-a<\/em>&#8221;\u00a0<\/li>\r\n\r\n\r\n\r\n<li>10.000,00 kn Anatres revizija d.o.o. (Heinzelova 62A, 10 000 Zagreb\u00a0\u00a0OIB: 52011850372 ( revizorsko izvje\u0161\u0107e za 2013)<\/li>\r\n\r\n\r\n\r\n<li>2.000,00 kn Nenad Baki\u0107, pojedina\u010dna donacija<\/li>\r\n\r\n\r\n\r\n<li>7.500,00 kn Atlantic trade d.d. Zagreb<\/li>\r\n\r\n\r\n\r\n<li>60 papirnatih kutija za arhivu dokumentacije TI Hrvatska\u00a0Velprom d.o.o. za proizvodnju promo materijala i ambala\u017ee od kartona\u00a0Dalmatinska 27, Gradi\u0107i, 10410 Velika Gorica<\/li>\r\n\r\n\r\n\r\n<li>2.715,00\u00a0\u20ac\u00a0Transparency International\u00a0Secretariat\u00a0projekt\u00a0\u201e<a href=\"http:\/\/transparency.hr\/hr\/clanak\/projekt-ti-ek-sporazumi-o-integritetu\/243\" target=\"_blank\" rel=\"noopener\">Kntrolni mehanizam za o\u010duvanje sredstava EU protiv prijevare i korupcije, faza 1<\/a>\u201c<\/li>\r\n<\/ul>\r\n\r\n\r\n\r\n<p><strong>Donatori 2014. godina:&nbsp;<\/strong><\/p>\r\n\r\n\r\n\r\n<ul class=\"wp-block-list\">\r\n<li>10.000,00 kn Grad Zagreb projekt:\u00a0<em>Volontiranje mladih u borbi protiv korupcije<\/em><\/li>\r\n\r\n\r\n\r\n<li>13.000,00 kn Hrvatska elektroprivreda projekt \u201e<em>Upali svjetlo &#8211; antikorupcijska edukaciaj za mlade<\/em>\u201c\u00a0u gradu Zagrebu i Zagreba\u010dkoj \u017eupaniji<\/li>\r\n\r\n\r\n\r\n<li>7.500,00 kn\u00a0Antares revizija d.o.o., Heinzelova 62A, 10 000 Zagreb\u00a0\u00a0OIB: 52011850372 ( revizorsko izvje\u0161\u0107e za 2013)<\/li>\r\n\r\n\r\n\r\n<li>7.500, 00 kn Privredna banka d.d. Zagreb<\/li>\r\n\r\n\r\n\r\n<li><a href=\"http:\/\/www.transparency.hr\/hr\/clanak\/transparentonst-u-poslovnom-sektoru-novi-dvojezicni-prirucnik-tih-a\/230\" target=\"_blank\" rel=\"noopener\">10.000,00 kn Veleposlanstvo \u0160vicarske za objavu publikacije<\/a><\/li>\r\n\r\n\r\n\r\n<li>50,00 kn preko sustava donacija na web stranici<\/li>\r\n<\/ul>\r\n","protected":false},"excerpt":{"rendered":"<p>\u200bTransparency International Hrvatska dobiva sredstva iz nekoliko razli\u010ditih izvora, uklju\u010duju\u0107i vlade, zaklada, privatnog sektora i pojedinaca na osnovu projekta. O&nbsp;financijama&nbsp;TIH-a mo\u017eete saznati vi\u0161e&nbsp;ovdje. Dontori 2024. godina:&nbsp; 11.664,00 eur&nbsp;Nacionalna zaklada za razvoj civilnog dru\u0161tva IP&nbsp; Donatori 2023. godina: Donatori 2022. godina: Donatori 2021. godina: Donatori 2020. godina: Donatori 2019. godina: Donatori 2018. godina: Donatori 2017. godina: [&hellip;]<\/p>\n","protected":false},"author":1,"featured_media":0,"parent":3108,"menu_order":0,"comment_status":"closed","ping_status":"closed","template":"template-about.php","meta":{"_acf_changed":false,"inline_featured_image":false,"footnotes":""},"class_list":["post-3149","page","type-page","status-publish","hentry"],"acf":[],"_links":{"self":[{"href":"https:\/\/transparency.vdevs.eu\/hr\/wp-json\/wp\/v2\/pages\/3149","targetHints":{"allow":["GET"]}}],"collection":[{"href":"https:\/\/transparency.vdevs.eu\/hr\/wp-json\/wp\/v2\/pages"}],"about":[{"href":"https:\/\/transparency.vdevs.eu\/hr\/wp-json\/wp\/v2\/types\/page"}],"author":[{"embeddable":true,"href":"https:\/\/transparency.vdevs.eu\/hr\/wp-json\/wp\/v2\/users\/1"}],"replies":[{"embeddable":true,"href":"https:\/\/transparency.vdevs.eu\/hr\/wp-json\/wp\/v2\/comments?post=3149"}],"version-history":[{"count":1,"href":"https:\/\/transparency.vdevs.eu\/hr\/wp-json\/wp\/v2\/pages\/3149\/revisions"}],"predecessor-version":[{"id":3150,"href":"https:\/\/transparency.vdevs.eu\/hr\/wp-json\/wp\/v2\/pages\/3149\/revisions\/3150"}],"up":[{"embeddable":true,"href":"https:\/\/transparency.vdevs.eu\/hr\/wp-json\/wp\/v2\/pages\/3108"}],"wp:attachment":[{"href":"https:\/\/transparency.vdevs.eu\/hr\/wp-json\/wp\/v2\/media?parent=3149"}],"curies":[{"name":"wp","href":"https:\/\/api.w.org\/{rel}","templated":true}]}}