{"id":3167,"date":"2015-10-23T06:31:49","date_gmt":"2015-10-23T04:31:49","guid":{"rendered":"http:\/\/localhost:10245\/?page_id=3167"},"modified":"2025-10-15T08:54:28","modified_gmt":"2025-10-15T06:54:28","slug":"10-nacela-otvorenog-parlamenta","status":"publish","type":"page","link":"https:\/\/transparency.vdevs.eu\/hr\/o-nama-detalji\/10-nacela-otvorenog-parlamenta-140\/","title":{"rendered":"10 na\u010dela otvorenog parlamenta"},"content":{"rendered":"<img loading=\"lazy\" decoding=\"async\" src=\"https:\/\/transparency.vdevs.eu\/wp-content\/uploads\/2025\/10\/th_10-nacela_otvorenog-parlamenta.jpg\" alt=\"\" width=\"400\" height=\"503\" class=\"alignnone size-full wp-image-12248\" \/>\r\n\r\n\r\n<p>Otvoreni parlament je zakonodavno tijelo koje objavljuje jasne, dostupne i transparentne informacije, \u0161to ga \u010dini odgovornim te potpoma\u017ee gra\u0111anski nadzor parlamenta. Koristi informacijske tehnologije kako bi redefinirao odnos sa civilnim dru\u0161tvom te ga uklju\u010dio u procese odlu\u010divanja.<\/p>\r\n\r\n\r\n\r\n<p>Otvoreni parlament zna\u010di: bolju predstavljenost, bolje zakone, bolje vlade i bolje rezultate.<\/p>\r\n\r\n\r\n\r\n<p>Nova veza izme\u0111u gra\u0111ana i njihovih predstavnika<\/p>\r\n\r\n\r\n\r\n<p>1. Potpuna otvorenost i pristup parlamentarnim i zakonodavnim informacijama<\/p>\r\n\r\n\r\n\r\n<p>2. Objavljivanje informacija koriste\u0107i jednostavne obrasce i alate pretra\u017eivanja<\/p>\r\n\r\n\r\n\r\n<p>3. Objavljivanje analiza, rasprava i glasovanja parlamentarnih odbora i plenarnih sjednica<\/p>\r\n\r\n\r\n\r\n<p>4. Omogu\u0107en pristup i transkripti plenarnih sjednica<\/p>\r\n\r\n\r\n\r\n<p>5. Objavljivanje detaljnih informacija vezanih uz prora\u010dun, upravljanje, administraciju i tro\u0161enje sredstava<\/p>\r\n\r\n\r\n\r\n<p>6. Objavljivanje detaljnih informacija o zastupnicima (podaci o imovini i \u010dlanstvu)<\/p>\r\n\r\n\r\n\r\n<p>7. Postojanje mehanizama za efikasnu kontrolu i nadzor gra\u0111ana<\/p>\r\n\r\n\r\n\r\n<p>8. Zajam\u010dena uklju\u010denost gra\u0111ana u zakonodavni proces<\/p>\r\n\r\n\r\n\r\n<p>9. Prednost kori\u0161tenju softvera otvorenog koda i podatkovnih formata koje svi mogu koristiti<\/p>\r\n\r\n\r\n\r\n<p>10. Promicanje zakonodavstva koje bi oja\u010dalo politike otvorene vlasti<\/p>\r\n","protected":false},"excerpt":{"rendered":"<p>Otvoreni parlament je zakonodavno tijelo koje objavljuje jasne, dostupne i transparentne informacije, \u0161to ga \u010dini odgovornim te potpoma\u017ee gra\u0111anski nadzor parlamenta. Koristi informacijske tehnologije kako bi redefinirao odnos sa civilnim dru\u0161tvom te ga uklju\u010dio u procese odlu\u010divanja. Otvoreni parlament zna\u010di: bolju predstavljenost, bolje zakone, bolje vlade i bolje rezultate. Nova veza izme\u0111u gra\u0111ana i njihovih [&hellip;]<\/p>\n","protected":false},"author":1,"featured_media":0,"parent":3110,"menu_order":0,"comment_status":"closed","ping_status":"closed","template":"template-about.php","meta":{"_acf_changed":false,"inline_featured_image":false,"footnotes":""},"class_list":["post-3167","page","type-page","status-publish","hentry"],"acf":[],"_links":{"self":[{"href":"https:\/\/transparency.vdevs.eu\/hr\/wp-json\/wp\/v2\/pages\/3167","targetHints":{"allow":["GET"]}}],"collection":[{"href":"https:\/\/transparency.vdevs.eu\/hr\/wp-json\/wp\/v2\/pages"}],"about":[{"href":"https:\/\/transparency.vdevs.eu\/hr\/wp-json\/wp\/v2\/types\/page"}],"author":[{"embeddable":true,"href":"https:\/\/transparency.vdevs.eu\/hr\/wp-json\/wp\/v2\/users\/1"}],"replies":[{"embeddable":true,"href":"https:\/\/transparency.vdevs.eu\/hr\/wp-json\/wp\/v2\/comments?post=3167"}],"version-history":[{"count":2,"href":"https:\/\/transparency.vdevs.eu\/hr\/wp-json\/wp\/v2\/pages\/3167\/revisions"}],"predecessor-version":[{"id":12250,"href":"https:\/\/transparency.vdevs.eu\/hr\/wp-json\/wp\/v2\/pages\/3167\/revisions\/12250"}],"up":[{"embeddable":true,"href":"https:\/\/transparency.vdevs.eu\/hr\/wp-json\/wp\/v2\/pages\/3110"}],"wp:attachment":[{"href":"https:\/\/transparency.vdevs.eu\/hr\/wp-json\/wp\/v2\/media?parent=3167"}],"curies":[{"name":"wp","href":"https:\/\/api.w.org\/{rel}","templated":true}]}}