{"id":3172,"date":"2015-04-18T06:34:43","date_gmt":"2015-04-18T04:34:43","guid":{"rendered":"http:\/\/localhost:10245\/?page_id=3172"},"modified":"2025-10-15T09:10:42","modified_gmt":"2025-10-15T07:10:42","slug":"sporazum-o-integritetu","status":"publish","type":"page","link":"https:\/\/transparency.vdevs.eu\/hr\/o-nama-detalji\/sporazum-o-integritetu-125\/","title":{"rendered":"Sporazum o integritetu"},"content":{"rendered":"<img loading=\"lazy\" decoding=\"async\" src=\"https:\/\/transparency.vdevs.eu\/wp-content\/uploads\/2025\/10\/th_screen-shot-2015-05-10-at-12.58.40-pm.png\" alt=\"\" width=\"400\" height=\"567\" class=\"alignnone size-full wp-image-12252\" \/>\r\n\r\n\r\n<p><strong>Sporazum o integritetu<\/strong>&nbsp;je alat za sprje\u010davanje korupcije u javnoj nabavi.&nbsp;<strong>To je sporazum izme\u0111u vladinih agencija koje nude ugovor i tvrtaka koje se natje\u010du za to da \u0107e se suzdr\u017eati od mita, dosluha i drugih koruptivinih radnji kojima bi se poku\u0161alo saznati vi\u0161e informacija o uvjetima natje\u0107aja i sadr\u017eaju ugovora.<\/strong><\/p>\r\n\r\n\r\n\r\n<p>Zbog potreba odgovornosti i transparentnosti, kontrolor (iz civilnog dru\u0161tva) uz podr\u0161ku stru\u010dnjaka, kada je u pitanju ugovor, pomno slijedi sve faze postupka i provedbe, te izvje\u0161tava stranke ukoliko je do\u0161lo do kr\u0161enja ugovora. Kontrolor tako\u0111er priprema redovita izvje\u0161\u0107a o transparentnosti i pravednosti procesa. Takvi podaci su javno dostupni.<\/p>\r\n\r\n\r\n\r\n<p><strong>Koji su glavni elementi Sporazuma o integritetu?<\/strong><\/p>\r\n\r\n\r\n\r\n<p>Sporazum o integritetu se potpisuje u slu\u010daju odre\u0111enog projekta izme\u0111u naru\u010ditelja koji vodi projekt, kontrolora i ponuditelja. Glavni elementi su:<\/p>\r\n\r\n\r\n\r\n<ul class=\"wp-block-list\">\r\n<li>Subjekt mora jam\u010diti da njegovi slu\u017ebenici ne\u0107e tra\u017eiti ili primiti mito, darove ili pla\u0107anje bilo koje vrste, te da \u0107e u slu\u010daju kr\u0161enja provesti odgovaraju\u0107e sankcije (disciplinske, gra\u0111anske ili kaznene).<\/li>\r\n\r\n\r\n\r\n<li>Izjava svakog ponuditelja da nije platio, niti da \u0107e platiti mito kako bi dobio ili zadr\u017eao ugovor.<\/li>\r\n\r\n\r\n\r\n<li>Obveza svakog ponuditelja da transparentno objavi sve uplate vezane za ugovor.<\/li>\r\n\r\n\r\n\r\n<li>Da obveze ostaju na snazi za najpovoljnijeg ponuditelja do izvr\u0161enja ugovora. Svaki ponuditelj to mora prihvatiti.<\/li>\r\n\r\n\r\n\r\n<li>Sankcije u slu\u010daju da do\u0111e do povrede od strane ponuditelja. Sankcije mogu biti: uskra\u0107ivanje ili gubitak ugovora; oduzimanje od ponude, izvr\u0161enja obveza ili druge sigurnosti; odgovornost za \u0161tetu koja je prouzro\u010dena naru\u010ditelju i konkretnom ponu\u0111a\u010du, te isklju\u010divanje prekr\u0161itelja od strane naru\u010ditelja na odre\u0111eni vremenski period.<\/li>\r\n\r\n\r\n\r\n<li>Mehanizam za rje\u0161avanje sporova.<\/li>\r\n\r\n\r\n\r\n<li>Identifikacija neovisnog vanjskog kontrolora, \u010dija \u2028prava i funkcije imaju \u0161irok doseg.<\/li>\r\n<\/ul>\r\n\r\n\r\n\r\n<hr class=\"wp-block-separator has-alpha-channel-opacity\"\/>\r\n\r\n\r\n\r\n<p><em><strong>Ukoliko ste dr\u017eavni slu\u017ebenik, \u010dlan privatnog sektora, ili organizacije civilnog dru\u0161tva zainteresirani za provedbu Sporazuma o integritetu,&nbsp;<a href=\"http:\/\/transparency.hr\/hr\/kontakt\" target=\"_blank\" rel=\"noopener\">kontaktirajte nas<\/a>!<\/strong><\/em><\/p>\r\n\r\n\r\n\r\n<hr class=\"wp-block-separator has-alpha-channel-opacity\"\/>\r\n\r\n\r\n\r\n<p><img decoding=\"async\" alt=\"\" src=\"https:\/\/transparency.hr\/upload_data\/editor\/images\/IP%20Launch.jpg\">TI Hrvatska trenutno sura\u0111uje s TI tajni\u0161tvom i Europskom komisijom na zajedni\u010dkom projektu pod nazivom \u201e<strong>Sporazum o integritetu &#8211; dr\u017eavni kontrolni mehanizam za \u010duvanje sredstava EU protiv prijevare i korupcije<\/strong>.\u201d&nbsp;Saznajte vi\u0161e&nbsp;<a href=\"http:\/\/transparency.hr\/hr\/clanak\/projekt-ti-ek-sporazumi-o-integritetu\/243\" target=\"_blank\" rel=\"noopener\">ovdje<\/a>.<\/p>\r\n\r\n\r\n\r\n<p>Na slici:&nbsp;<em>Zamjenik direktora TI-a Miklos Marschall se rukuje s Corinom Cretu, \u010dlanicom Europske komisije zadu\u017eena za regionalnu politiku. Na sastanku su raspravljali o zajedni\u010dkom TI-EK projektu \u201eSporazuma o integritetu.\u201d \u00a9 European Union, 2015<\/em><\/p>\r\n","protected":false},"excerpt":{"rendered":"<p>Sporazum o integritetu&nbsp;je alat za sprje\u010davanje korupcije u javnoj nabavi.&nbsp;To je sporazum izme\u0111u vladinih agencija koje nude ugovor i tvrtaka koje se natje\u010du za to da \u0107e se suzdr\u017eati od mita, dosluha i drugih koruptivinih radnji kojima bi se poku\u0161alo saznati vi\u0161e informacija o uvjetima natje\u0107aja i sadr\u017eaju ugovora. Zbog potreba odgovornosti i transparentnosti, kontrolor [&hellip;]<\/p>\n","protected":false},"author":1,"featured_media":0,"parent":3110,"menu_order":0,"comment_status":"closed","ping_status":"closed","template":"template-about.php","meta":{"_acf_changed":false,"inline_featured_image":false,"footnotes":""},"class_list":["post-3172","page","type-page","status-publish","hentry"],"acf":[],"_links":{"self":[{"href":"https:\/\/transparency.vdevs.eu\/hr\/wp-json\/wp\/v2\/pages\/3172","targetHints":{"allow":["GET"]}}],"collection":[{"href":"https:\/\/transparency.vdevs.eu\/hr\/wp-json\/wp\/v2\/pages"}],"about":[{"href":"https:\/\/transparency.vdevs.eu\/hr\/wp-json\/wp\/v2\/types\/page"}],"author":[{"embeddable":true,"href":"https:\/\/transparency.vdevs.eu\/hr\/wp-json\/wp\/v2\/users\/1"}],"replies":[{"embeddable":true,"href":"https:\/\/transparency.vdevs.eu\/hr\/wp-json\/wp\/v2\/comments?post=3172"}],"version-history":[{"count":3,"href":"https:\/\/transparency.vdevs.eu\/hr\/wp-json\/wp\/v2\/pages\/3172\/revisions"}],"predecessor-version":[{"id":12255,"href":"https:\/\/transparency.vdevs.eu\/hr\/wp-json\/wp\/v2\/pages\/3172\/revisions\/12255"}],"up":[{"embeddable":true,"href":"https:\/\/transparency.vdevs.eu\/hr\/wp-json\/wp\/v2\/pages\/3110"}],"wp:attachment":[{"href":"https:\/\/transparency.vdevs.eu\/hr\/wp-json\/wp\/v2\/media?parent=3172"}],"curies":[{"name":"wp","href":"https:\/\/api.w.org\/{rel}","templated":true}]}}