{"id":3177,"date":"2015-05-11T06:40:32","date_gmt":"2015-05-11T04:40:32","guid":{"rendered":"http:\/\/localhost:10245\/?page_id=3177"},"modified":"2025-10-15T09:18:26","modified_gmt":"2025-10-15T07:18:26","slug":"antikorupcijsko-savjetovaliste-alac","status":"publish","type":"page","link":"https:\/\/transparency.vdevs.eu\/hr\/o-nama-detalji\/antikorupcijsko-savjetovaliste-alac-129\/","title":{"rendered":"Antikorupcijsko savjetovali\u0161te (ALAC)"},"content":{"rendered":"\r\n<p>U sklopu antikorupcijskog savjetovali\u0161ta, Transparency International Hrvatska&nbsp;ima besplatnu telefonsku liniju putem koje gra\u0111ani mogu dobiti informacije i savjete vezane za korupciju kao i prijaviti slu\u010dajeve korupcije.<\/p>\r\n\r\n\r\n\r\n<p>\u017drtve i svjedoci mogu prijaviti korupciju ili tra\u017eiti pravni savjet na jedan od dva na\u010dina:<\/p>\r\n\r\n\r\n\r\n<ul class=\"wp-block-list\">\r\n<li>online prijavom\u00a0korupcije &#8211;\u00a0<a href=\"http:\/\/transparency.hr\/hr\/prijavi-korupciju\" target=\"_blank\" rel=\"noopener\">klikom ovdje<\/a>; ili<\/li>\r\n\r\n\r\n\r\n<li>pozivom na\u00a0besplatni\u00a0antikorupcijski\u00a0broj\u00a0telefona: 0800 245 542 (radnim danom od 10:00-13:00)<\/li>\r\n<\/ul>\r\n\r\n\r\n\r\n<hr class=\"wp-block-separator has-alpha-channel-opacity\"\/>\r\n\r\n\r\n\r\n<p><em><strong>&#8220;Antikorupcijski telefon pokrenut je u studenome 2003. godine, a namjera nam je bila pomo\u0107i gra\u0111anima koji su se na\u0161li pred zidom, jer ne mogu rije\u0161iti neki problem u tijelima javne uprave, odnosno onima koji smatraju da su bili \u017ertva korupcije&#8221;, &nbsp;biv\u0161i&nbsp;predsjednik TIH-a Zorislav Antun Petrovi\u0107.<\/strong><\/em><\/p>\r\n","protected":false},"excerpt":{"rendered":"<p>U sklopu antikorupcijskog savjetovali\u0161ta, Transparency International Hrvatska&nbsp;ima besplatnu telefonsku liniju putem koje gra\u0111ani mogu dobiti informacije i savjete vezane za korupciju kao i prijaviti slu\u010dajeve korupcije. \u017drtve i svjedoci mogu prijaviti korupciju ili tra\u017eiti pravni savjet na jedan od dva na\u010dina: &#8220;Antikorupcijski telefon pokrenut je u studenome 2003. godine, a namjera nam je bila pomo\u0107i [&hellip;]<\/p>\n","protected":false},"author":1,"featured_media":0,"parent":3110,"menu_order":0,"comment_status":"closed","ping_status":"closed","template":"template-about.php","meta":{"_acf_changed":false,"inline_featured_image":false,"footnotes":""},"class_list":["post-3177","page","type-page","status-publish","hentry"],"acf":[],"_links":{"self":[{"href":"https:\/\/transparency.vdevs.eu\/hr\/wp-json\/wp\/v2\/pages\/3177","targetHints":{"allow":["GET"]}}],"collection":[{"href":"https:\/\/transparency.vdevs.eu\/hr\/wp-json\/wp\/v2\/pages"}],"about":[{"href":"https:\/\/transparency.vdevs.eu\/hr\/wp-json\/wp\/v2\/types\/page"}],"author":[{"embeddable":true,"href":"https:\/\/transparency.vdevs.eu\/hr\/wp-json\/wp\/v2\/users\/1"}],"replies":[{"embeddable":true,"href":"https:\/\/transparency.vdevs.eu\/hr\/wp-json\/wp\/v2\/comments?post=3177"}],"version-history":[{"count":1,"href":"https:\/\/transparency.vdevs.eu\/hr\/wp-json\/wp\/v2\/pages\/3177\/revisions"}],"predecessor-version":[{"id":3178,"href":"https:\/\/transparency.vdevs.eu\/hr\/wp-json\/wp\/v2\/pages\/3177\/revisions\/3178"}],"up":[{"embeddable":true,"href":"https:\/\/transparency.vdevs.eu\/hr\/wp-json\/wp\/v2\/pages\/3110"}],"wp:attachment":[{"href":"https:\/\/transparency.vdevs.eu\/hr\/wp-json\/wp\/v2\/media?parent=3177"}],"curies":[{"name":"wp","href":"https:\/\/api.w.org\/{rel}","templated":true}]}}