{"id":3185,"date":"2013-11-18T06:45:11","date_gmt":"2013-11-18T05:45:11","guid":{"rendered":"http:\/\/localhost:10245\/?page_id=3185"},"modified":"2025-10-15T09:44:20","modified_gmt":"2025-10-15T07:44:20","slug":"indeks-percepcije-korupcije","status":"publish","type":"page","link":"https:\/\/transparency.vdevs.eu\/hr\/o-nama-detalji\/indeks-percepcije-korupcije-50\/","title":{"rendered":"Indeks percepcije korupcije"},"content":{"rendered":"\r\n<p>Indeks percepcije korupcije (IPK) je istra\u017eivanje koje stvara rang listu zemalja prema ocjeni o ra\u0161irenosti korupcije u njima, tj. do koje se mjere percipira da su tijela javne vlasti korumpirana. Indeks odre\u0111ene dr\u017eave ukazuje na to kolika je razina percepcije korupcije u javnom sektoru na skali od 0 do 100, gdje 0 predstavlja zemlju za koju se percipira kao visoko korumpirana, dok se onu ocjenjenu sa 100 percipira kao zemlji o\u010di\u0161\u0107enu od korupcije.&nbsp;<\/p>\r\n\r\n\r\n\r\n<p>\u200bZemlje koje su najvi\u0161e rangirane, pokazuju da transparentnost sustava poti\u010de dru\u0161tvenu odgovornost i smanjuje korupciju. U ja\u010de korumpiranim zemljama jedan od najve\u0107ih izazova predstavlja korupcija u javnom sektoru, posebno u podru\u010djima kao \u0161to su politi\u010dke stranke, policija i pravosu\u0111e.<\/p>\r\n\r\n\r\n\r\n<p>Transparency International Hrvatska&nbsp;organizira&nbsp;konferenciju kako bi razgovarali o rezultatima, posebice za Hrvatsku (<a href=\"http:\/\/transparency.hr\/hr\/sto-radimo\/indeks-percepcije-korupcije-2014\/118\" target=\"_blank\" rel=\"noopener\">2014<\/a>,&nbsp;<a href=\"http:\/\/transparency.hr\/hr\/sto-radimo\/indeks-percepcije-korupcije-2013\/119\" target=\"_blank\" rel=\"noopener\">2013<\/a>)<\/p>\r\n\r\n\r\n\r\n<p><a href=\"https:\/\/www.transparency.hr\/hr\/clanak\/hac-ostro-reagirao-na-obrazlozenje-njemacke-udruge-transparency-international\/673\" target=\"_blank\" rel=\"noopener\">Reagiranje HAC-a na objavlene rezultate za 2016. godinu<\/a>&nbsp;<\/p>\r\n","protected":false},"excerpt":{"rendered":"<p>Indeks percepcije korupcije (IPK) je istra\u017eivanje koje stvara rang listu zemalja prema ocjeni o ra\u0161irenosti korupcije u njima, tj. do koje se mjere percipira da su tijela javne vlasti korumpirana. Indeks odre\u0111ene dr\u017eave ukazuje na to kolika je razina percepcije korupcije u javnom sektoru na skali od 0 do 100, gdje 0 predstavlja zemlju za [&hellip;]<\/p>\n","protected":false},"author":1,"featured_media":0,"parent":3110,"menu_order":0,"comment_status":"closed","ping_status":"closed","template":"template-about.php","meta":{"_acf_changed":false,"inline_featured_image":false,"footnotes":""},"class_list":["post-3185","page","type-page","status-publish","hentry"],"acf":[],"_links":{"self":[{"href":"https:\/\/transparency.vdevs.eu\/hr\/wp-json\/wp\/v2\/pages\/3185","targetHints":{"allow":["GET"]}}],"collection":[{"href":"https:\/\/transparency.vdevs.eu\/hr\/wp-json\/wp\/v2\/pages"}],"about":[{"href":"https:\/\/transparency.vdevs.eu\/hr\/wp-json\/wp\/v2\/types\/page"}],"author":[{"embeddable":true,"href":"https:\/\/transparency.vdevs.eu\/hr\/wp-json\/wp\/v2\/users\/1"}],"replies":[{"embeddable":true,"href":"https:\/\/transparency.vdevs.eu\/hr\/wp-json\/wp\/v2\/comments?post=3185"}],"version-history":[{"count":1,"href":"https:\/\/transparency.vdevs.eu\/hr\/wp-json\/wp\/v2\/pages\/3185\/revisions"}],"predecessor-version":[{"id":3186,"href":"https:\/\/transparency.vdevs.eu\/hr\/wp-json\/wp\/v2\/pages\/3185\/revisions\/3186"}],"up":[{"embeddable":true,"href":"https:\/\/transparency.vdevs.eu\/hr\/wp-json\/wp\/v2\/pages\/3110"}],"wp:attachment":[{"href":"https:\/\/transparency.vdevs.eu\/hr\/wp-json\/wp\/v2\/media?parent=3185"}],"curies":[{"name":"wp","href":"https:\/\/api.w.org\/{rel}","templated":true}]}}